{"id":895,"date":"2024-11-07T13:44:07","date_gmt":"2024-11-07T19:44:07","guid":{"rendered":"https:\/\/salgar.com\/desarrollo\/?post_type=product&#038;p=895"},"modified":"2026-04-02T14:42:04","modified_gmt":"2026-04-02T20:42:04","slug":"capacitores-serie-ka","status":"publish","type":"product","link":"https:\/\/salgar.com\/desarrollo\/product\/capacitores-serie-ka\/","title":{"rendered":"Capacitor de Potencia (Celda Capacitiva) &#8211; Serie KA"},"content":{"rendered":"<p><span data-sheets-root=\"1\">Desarrollados con filme de polipropileno metalizado auto-regenerativo, posee dispositivo interruptor de seguridad contra alta presi\u00f3n interna. P\u00e9rdidas diel\u00e9ctricas menores que 0,4 W\/kVAr.<br \/>\nLos capacitores de potencia fijos, est\u00e1n dise\u00f1ados para aplicaciones donde es posible prescindir de un medio de desconexi\u00f3n, es decir, para compensar la energ\u00eda reactiva a pie de m\u00e1quina, motores a trav\u00e9s del arrancador, entre otros. Tambi\u00e9n puede colocarse un interruptor externo ya sea en el tablero o con gabinete externo.<\/span><\/p>\n<p>Disponibles en capacidades comerciales de hasta 300 kVAR en 240 V y hasta 1000 kVAR en 480 V.Para uso interior tipo NEMA 1 y para exteriores tipo NEMA 3R.<\/p>\n<p>Nuestros equipos se basan en una estructura autosoportada, con opci\u00f3n a ir creciendo para futuras ampliaciones. Ideal para plantas que planean crecer m\u00e1s.<\/p>\n<p>Todos los capacitores se suministran con cubierta desmontable y con resistencia de descarga.<\/p>\n<p>El montaje de los capacitores es adaptable a cualquier posici\u00f3n<\/p>\n","protected":false},"excerpt":{"rendered":"<p>Desarrollados con filme de polipropileno metalizado auto-regenerativo, posee dispositivo interruptor de seguridad contra alta presi\u00f3n interna. P\u00e9rdidas diel\u00e9ctricas menores que 0,4 W\/kVAr. Los capacitores de potencia fijos, est\u00e1n dise\u00f1ados para aplicaciones donde es posible prescindir de un medio de desconexi\u00f3n, es decir, para compensar la energ\u00eda reactiva a pie de m\u00e1quina, motores a trav\u00e9s del [&hellip;]<\/p>\n","protected":false},"featured_media":3154,"comment_status":"open","ping_status":"closed","template":"","meta":{"_acf_changed":false,"_yoast_wpseo_title":"","_yoast_wpseo_metadesc":"Capacitor de Potencia (Celda Capacitiva) \u2013 Serie KA. Capacitor de potencia para compensacion reactiva en baja tension. Tecnica Salgar. Ficha tecnica disponible."},"product_brand":[],"product_cat":[85],"product_tag":[100],"class_list":{"0":"post-895","1":"product","2":"type-product","3":"status-publish","4":"has-post-thumbnail","6":"product_cat-capacitores-de-potencia-linea-k","7":"product_tag-compensacion-reactiva","9":"first","10":"instock","11":"downloadable","12":"shipping-taxable","13":"product-type-simple"},"acf":[],"yoast_head":"<!-- This site is optimized with the Yoast SEO Premium plugin v27.2 (Yoast SEO v27.3) - https:\/\/yoast.com\/product\/yoast-seo-premium-wordpress\/ -->\n<title>Capacitor de Potencia (Celda Capacitiva) - Serie KA &#8211; Tecnica Salgar<\/title>\n<meta name=\"description\" content=\"Capacitor de Potencia (Celda Capacitiva) \u2013 Serie KA. Capacitor de potencia para compensacion reactiva en baja tension. Tecnica Salgar. Ficha tecnica disponible.\" \/>\n<meta name=\"robots\" content=\"noindex, follow, max-snippet:-1, max-image-preview:large, max-video-preview:-1\" \/>\n<meta property=\"og:locale\" content=\"es_MX\" \/>\n<meta property=\"og:type\" content=\"article\" \/>\n<meta property=\"og:title\" content=\"Capacitor de Potencia (Celda Capacitiva) - Serie KA\" \/>\n<meta property=\"og:description\" content=\"Capacitor de Potencia (Celda Capacitiva) \u2013 Serie KA. Capacitor de potencia para compensacion reactiva en baja tension. Tecnica Salgar. Ficha tecnica disponible.\" \/>\n<meta property=\"og:url\" content=\"https:\/\/salgar.com\/desarrollo\/product\/capacitores-serie-ka\/\" \/>\n<meta property=\"og:site_name\" content=\"Salgar\" \/>\n<meta property=\"article:publisher\" content=\"https:\/\/www.facebook.com\/tecnicasalgarmx\/?locale=es_LA\" \/>\n<meta property=\"article:modified_time\" content=\"2026-04-02T20:42:04+00:00\" \/>\n<meta property=\"og:image\" content=\"https:\/\/salgar.com\/desarrollo\/wp-content\/uploads\/2026\/03\/capacitor-potencia-KA-1.png\" \/>\n\t<meta property=\"og:image:width\" content=\"2355\" \/>\n\t<meta property=\"og:image:height\" content=\"2355\" \/>\n\t<meta property=\"og:image:type\" content=\"image\/png\" \/>\n<meta name=\"twitter:card\" content=\"summary_large_image\" \/>\n<meta name=\"twitter:label1\" content=\"Precio\" \/>\n\t<meta name=\"twitter:data1\" content=\"\" \/>\n\t<meta name=\"twitter:label2\" content=\"Disponibilidad\" \/>\n\t<meta name=\"twitter:data2\" content=\"Disponible\" \/>\n<script type=\"application\/ld+json\" class=\"yoast-schema-graph\">{\"@context\":\"https:\\\/\\\/schema.org\",\"@graph\":[{\"@type\":\"WebPage\",\"@id\":\"https:\\\/\\\/salgar.com\\\/desarrollo\\\/product\\\/capacitores-serie-ka\\\/\",\"url\":\"https:\\\/\\\/salgar.com\\\/desarrollo\\\/product\\\/capacitores-serie-ka\\\/\",\"name\":\"Capacitor de Potencia (Celda Capacitiva) - Serie KA &#8211; Tecnica Salgar\",\"isPartOf\":{\"@id\":\"https:\\\/\\\/salgar.com\\\/desarrollo\\\/#website\"},\"primaryImageOfPage\":{\"@id\":\"https:\\\/\\\/salgar.com\\\/desarrollo\\\/product\\\/capacitores-serie-ka\\\/#primaryimage\"},\"image\":{\"@id\":\"https:\\\/\\\/salgar.com\\\/desarrollo\\\/product\\\/capacitores-serie-ka\\\/#primaryimage\"},\"thumbnailUrl\":\"https:\\\/\\\/salgar.com\\\/desarrollo\\\/wp-content\\\/uploads\\\/2026\\\/03\\\/capacitor-potencia-KA-1.png\",\"datePublished\":\"2024-11-07T19:44:07+00:00\",\"dateModified\":\"2026-04-02T20:42:04+00:00\",\"description\":\"Capacitor de Potencia (Celda Capacitiva) \u2013 Serie KA. Capacitor de potencia para compensacion reactiva en baja tension. Tecnica Salgar. Ficha tecnica disponible.\",\"breadcrumb\":{\"@id\":\"https:\\\/\\\/salgar.com\\\/desarrollo\\\/product\\\/capacitores-serie-ka\\\/#breadcrumb\"},\"inLanguage\":\"es\",\"potentialAction\":[{\"@type\":\"ReadAction\",\"target\":[\"https:\\\/\\\/salgar.com\\\/desarrollo\\\/product\\\/capacitores-serie-ka\\\/\"]}]},{\"@type\":\"ImageObject\",\"inLanguage\":\"es\",\"@id\":\"https:\\\/\\\/salgar.com\\\/desarrollo\\\/product\\\/capacitores-serie-ka\\\/#primaryimage\",\"url\":\"https:\\\/\\\/salgar.com\\\/desarrollo\\\/wp-content\\\/uploads\\\/2026\\\/03\\\/capacitor-potencia-KA-1.png\",\"contentUrl\":\"https:\\\/\\\/salgar.com\\\/desarrollo\\\/wp-content\\\/uploads\\\/2026\\\/03\\\/capacitor-potencia-KA-1.png\",\"width\":2355,\"height\":2355},{\"@type\":\"BreadcrumbList\",\"@id\":\"https:\\\/\\\/salgar.com\\\/desarrollo\\\/product\\\/capacitores-serie-ka\\\/#breadcrumb\",\"itemListElement\":[{\"@type\":\"ListItem\",\"position\":1,\"name\":\"Inicio\",\"item\":\"https:\\\/\\\/salgar.com\\\/desarrollo\\\/\"},{\"@type\":\"ListItem\",\"position\":2,\"name\":\"Productos\",\"item\":\"https:\\\/\\\/salgar.com\\\/desarrollo\\\/shop\\\/\"},{\"@type\":\"ListItem\",\"position\":3,\"name\":\"Capacitor de Potencia (Celda Capacitiva) &#8211; Serie KA\"}]},{\"@type\":\"WebSite\",\"@id\":\"https:\\\/\\\/salgar.com\\\/desarrollo\\\/#website\",\"url\":\"https:\\\/\\\/salgar.com\\\/desarrollo\\\/\",\"name\":\"Tecnica Salgar\",\"description\":\"Ahorro de energ\u00eda y optimizaci\u00f3n de procesos industriales\",\"publisher\":{\"@id\":\"https:\\\/\\\/salgar.com\\\/desarrollo\\\/#organization\"},\"alternateName\":\"T\u00e9cnica Salgar\",\"potentialAction\":[{\"@type\":\"SearchAction\",\"target\":{\"@type\":\"EntryPoint\",\"urlTemplate\":\"https:\\\/\\\/salgar.com\\\/desarrollo\\\/?s={search_term_string}\"},\"query-input\":{\"@type\":\"PropertyValueSpecification\",\"valueRequired\":true,\"valueName\":\"search_term_string\"}}],\"inLanguage\":\"es\"}]}<\/script>\n<meta property=\"product:price:currency\" content=\"MXN\" \/>\n<meta property=\"og:availability\" content=\"instock\" \/>\n<meta property=\"product:availability\" content=\"instock\" \/>\n<meta property=\"product:condition\" content=\"new\" \/>\n<!-- \/ Yoast SEO Premium plugin. -->","yoast_head_json":{"title":"Capacitor de Potencia (Celda Capacitiva) - Serie KA &#8211; Tecnica Salgar","description":"Capacitor de Potencia (Celda Capacitiva) \u2013 Serie KA. Capacitor de potencia para compensacion reactiva en baja tension. Tecnica Salgar. Ficha tecnica disponible.","robots":{"index":"noindex","follow":"follow","max-snippet":"max-snippet:-1","max-image-preview":"max-image-preview:large","max-video-preview":"max-video-preview:-1"},"og_locale":"es_MX","og_type":"article","og_title":"Capacitor de Potencia (Celda Capacitiva) - Serie KA","og_description":"Capacitor de Potencia (Celda Capacitiva) \u2013 Serie KA. Capacitor de potencia para compensacion reactiva en baja tension. Tecnica Salgar. Ficha tecnica disponible.","og_url":"https:\/\/salgar.com\/desarrollo\/product\/capacitores-serie-ka\/","og_site_name":"Salgar","article_publisher":"https:\/\/www.facebook.com\/tecnicasalgarmx\/?locale=es_LA","article_modified_time":"2026-04-02T20:42:04+00:00","og_image":[{"width":2355,"height":2355,"url":"https:\/\/salgar.com\/desarrollo\/wp-content\/uploads\/2026\/03\/capacitor-potencia-KA-1.png","type":"image\/png"}],"twitter_card":"summary_large_image","twitter_misc":{"Precio":"","Disponibilidad":"Disponible"},"schema":{"@context":"https:\/\/schema.org","@graph":[{"@type":"WebPage","@id":"https:\/\/salgar.com\/desarrollo\/product\/capacitores-serie-ka\/","url":"https:\/\/salgar.com\/desarrollo\/product\/capacitores-serie-ka\/","name":"Capacitor de Potencia (Celda Capacitiva) - Serie KA &#8211; Tecnica Salgar","isPartOf":{"@id":"https:\/\/salgar.com\/desarrollo\/#website"},"primaryImageOfPage":{"@id":"https:\/\/salgar.com\/desarrollo\/product\/capacitores-serie-ka\/#primaryimage"},"image":{"@id":"https:\/\/salgar.com\/desarrollo\/product\/capacitores-serie-ka\/#primaryimage"},"thumbnailUrl":"https:\/\/salgar.com\/desarrollo\/wp-content\/uploads\/2026\/03\/capacitor-potencia-KA-1.png","datePublished":"2024-11-07T19:44:07+00:00","dateModified":"2026-04-02T20:42:04+00:00","description":"Capacitor de Potencia (Celda Capacitiva) \u2013 Serie KA. Capacitor de potencia para compensacion reactiva en baja tension. Tecnica Salgar. Ficha tecnica disponible.","breadcrumb":{"@id":"https:\/\/salgar.com\/desarrollo\/product\/capacitores-serie-ka\/#breadcrumb"},"inLanguage":"es","potentialAction":[{"@type":"ReadAction","target":["https:\/\/salgar.com\/desarrollo\/product\/capacitores-serie-ka\/"]}]},{"@type":"ImageObject","inLanguage":"es","@id":"https:\/\/salgar.com\/desarrollo\/product\/capacitores-serie-ka\/#primaryimage","url":"https:\/\/salgar.com\/desarrollo\/wp-content\/uploads\/2026\/03\/capacitor-potencia-KA-1.png","contentUrl":"https:\/\/salgar.com\/desarrollo\/wp-content\/uploads\/2026\/03\/capacitor-potencia-KA-1.png","width":2355,"height":2355},{"@type":"BreadcrumbList","@id":"https:\/\/salgar.com\/desarrollo\/product\/capacitores-serie-ka\/#breadcrumb","itemListElement":[{"@type":"ListItem","position":1,"name":"Inicio","item":"https:\/\/salgar.com\/desarrollo\/"},{"@type":"ListItem","position":2,"name":"Productos","item":"https:\/\/salgar.com\/desarrollo\/shop\/"},{"@type":"ListItem","position":3,"name":"Capacitor de Potencia (Celda Capacitiva) &#8211; Serie KA"}]},{"@type":"WebSite","@id":"https:\/\/salgar.com\/desarrollo\/#website","url":"https:\/\/salgar.com\/desarrollo\/","name":"Tecnica Salgar","description":"Ahorro de energ\u00eda y optimizaci\u00f3n de procesos industriales","publisher":{"@id":"https:\/\/salgar.com\/desarrollo\/#organization"},"alternateName":"T\u00e9cnica Salgar","potentialAction":[{"@type":"SearchAction","target":{"@type":"EntryPoint","urlTemplate":"https:\/\/salgar.com\/desarrollo\/?s={search_term_string}"},"query-input":{"@type":"PropertyValueSpecification","valueRequired":true,"valueName":"search_term_string"}}],"inLanguage":"es"}]},"product_price_currency":"MXN","og_availability":"instock","product_availability":"instock","product_condition":"new"},"_links":{"self":[{"href":"https:\/\/salgar.com\/desarrollo\/wp-json\/wp\/v2\/product\/895","targetHints":{"allow":["GET"]}}],"collection":[{"href":"https:\/\/salgar.com\/desarrollo\/wp-json\/wp\/v2\/product"}],"about":[{"href":"https:\/\/salgar.com\/desarrollo\/wp-json\/wp\/v2\/types\/product"}],"replies":[{"embeddable":true,"href":"https:\/\/salgar.com\/desarrollo\/wp-json\/wp\/v2\/comments?post=895"}],"wp:featuredmedia":[{"embeddable":true,"href":"https:\/\/salgar.com\/desarrollo\/wp-json\/wp\/v2\/media\/3154"}],"wp:attachment":[{"href":"https:\/\/salgar.com\/desarrollo\/wp-json\/wp\/v2\/media?parent=895"}],"wp:term":[{"taxonomy":"product_brand","embeddable":true,"href":"https:\/\/salgar.com\/desarrollo\/wp-json\/wp\/v2\/product_brand?post=895"},{"taxonomy":"product_cat","embeddable":true,"href":"https:\/\/salgar.com\/desarrollo\/wp-json\/wp\/v2\/product_cat?post=895"},{"taxonomy":"product_tag","embeddable":true,"href":"https:\/\/salgar.com\/desarrollo\/wp-json\/wp\/v2\/product_tag?post=895"}],"curies":[{"name":"wp","href":"https:\/\/api.w.org\/{rel}","templated":true}]}}