{"id":873,"date":"2024-11-07T13:44:06","date_gmt":"2024-11-07T19:44:06","guid":{"rendered":"https:\/\/salgar.com\/desarrollo\/?post_type=product&#038;p=873"},"modified":"2026-04-02T14:42:58","modified_gmt":"2026-04-02T20:42:58","slug":"reactores-de-nucleo-de-hierro","status":"publish","type":"product","link":"https:\/\/salgar.com\/desarrollo\/product\/reactores-de-nucleo-de-hierro\/","title":{"rendered":"Reactor N\u00facleo de Hierro \u2013 Serie RNH"},"content":{"rendered":"<p><span data-sheets-root=\"1\">Devanados alrededor de un n\u00facleo ferromagn\u00e9tico. El n\u00facleo de hierro puede ser fabricado con uno o varios espacios entre el n\u00facleo, llamados entrehierros o gaps. El material para construir el n\u00facleo de hierro es generalmente acero al silicio, con grano orientado.<\/p>\n<p>Caracter\u00edsticas:<\/p>\n<p>Menor tama\u00f1o<br \/>\nLineales solo dentro de un rango de corriente<br \/>\nUso Interior<\/p>\n<p>Reactores RL para instalar en serie con capacitores o bancos de capacitores hasta 115 kV.<br \/>\nReactores duales para filtros de rechazo o absorci\u00f3n de corrientes arm\u00f3nicas.<br \/>\nReactores de n\u00facleo reducido para rectificadores de corriente.<br \/>\nReactores en serie para excitadores de generadores en plantas hidroel\u00e9ctricas.<br \/>\nReactores para filtros de corrientes arm\u00f3nicas en 1.2, 2.4, 3.8, 4.16, 6.6, 6.9, 7.2 y 13.8 kV.<\/span><\/p>\n","protected":false},"excerpt":{"rendered":"<p><span data-sheets-root=\"1\">Devanados alrededor de un n\u00facleo ferromagn\u00e9tico. El n\u00facleo de hierro puede ser fabricado con uno o varios espacios entre el n\u00facleo, llamados entrehierros o gaps. El material para construir el n\u00facleo de hierro es generalmente acero al silicio, con grano orientado.<\/p>\n<p>Caracter\u00edsticas:<\/p>\n<p>Menor tama\u00f1o<br \/>\nLineales solo dentro de un rango de corriente<br \/>\nUso Interior<\/p>\n<p>Reactores RL para instalar en serie con capacitores o bancos de capacitores hasta 115 kV.<br \/>\nReactores duales para filtros de rechazo o absorci\u00f3n de corrientes arm\u00f3nicas.<br \/>\nReactores de n\u00facleo reducido para rectificadores de corriente.<br \/>\nReactores en serie para excitadores de generadores en plantas hidroel\u00e9ctricas.<br \/>\nReactores para filtros de corrientes arm\u00f3nicas en 1.2, 2.4, 3.8, 4.16, 6.6, 6.9, 7.2 y 13.8 kV.<\/span><\/p>\n","protected":false},"featured_media":1442,"comment_status":"open","ping_status":"closed","template":"","meta":{"_acf_changed":false,"_yoast_wpseo_title":"","_yoast_wpseo_metadesc":"Reactor N\u00facleo de Hierro \u2013 Serie RNH. Reactor de media y alta tension para instalaciones industriales y subestaciones. Tecnica Salgar."},"product_brand":[],"product_cat":[94],"product_tag":[104,103],"class_list":{"0":"post-873","1":"product","2":"type-product","3":"status-publish","4":"has-post-thumbnail","6":"product_cat-reactores-nucleo-de-hierro-rnh","7":"product_tag-componentes","8":"product_tag-reactores-limitadores-de-corriente","10":"first","11":"instock","12":"shipping-taxable","13":"product-type-simple"},"acf":[],"yoast_head":"<!-- This site is optimized with the Yoast SEO Premium plugin v27.2 (Yoast SEO v27.3) - https:\/\/yoast.com\/product\/yoast-seo-premium-wordpress\/ -->\n<title>Reactor N\u00facleo de Hierro \u2013 Serie RNH &#8211; Tecnica Salgar<\/title>\n<meta name=\"description\" content=\"Reactor N\u00facleo de Hierro \u2013 Serie RNH. Reactor de media y alta tension para instalaciones industriales y subestaciones. Tecnica Salgar.\" \/>\n<meta name=\"robots\" content=\"noindex, follow, max-snippet:-1, max-image-preview:large, max-video-preview:-1\" \/>\n<meta property=\"og:locale\" content=\"es_MX\" \/>\n<meta property=\"og:type\" content=\"article\" \/>\n<meta property=\"og:title\" content=\"Reactor N\u00facleo de Hierro \u2013 Serie RNH\" \/>\n<meta property=\"og:description\" content=\"Reactor N\u00facleo de Hierro \u2013 Serie RNH. Reactor de media y alta tension para instalaciones industriales y subestaciones. Tecnica Salgar.\" \/>\n<meta property=\"og:url\" content=\"https:\/\/salgar.com\/desarrollo\/product\/reactores-de-nucleo-de-hierro\/\" \/>\n<meta property=\"og:site_name\" content=\"Salgar\" \/>\n<meta property=\"article:publisher\" content=\"https:\/\/www.facebook.com\/tecnicasalgarmx\/?locale=es_LA\" \/>\n<meta property=\"article:modified_time\" content=\"2026-04-02T20:42:58+00:00\" \/>\n<meta property=\"og:image\" content=\"https:\/\/salgar.com\/desarrollo\/wp-content\/uploads\/2024\/11\/nucleo-de-hierro.jpg\" \/>\n\t<meta property=\"og:image:width\" content=\"1000\" \/>\n\t<meta property=\"og:image:height\" content=\"1000\" \/>\n\t<meta property=\"og:image:type\" content=\"image\/jpeg\" \/>\n<meta name=\"twitter:card\" content=\"summary_large_image\" \/>\n<meta name=\"twitter:label1\" content=\"Precio\" \/>\n\t<meta name=\"twitter:data1\" content=\"\" \/>\n\t<meta name=\"twitter:label2\" content=\"Disponibilidad\" \/>\n\t<meta name=\"twitter:data2\" content=\"Disponible\" \/>\n<script type=\"application\/ld+json\" class=\"yoast-schema-graph\">{\"@context\":\"https:\\\/\\\/schema.org\",\"@graph\":[{\"@type\":\"WebPage\",\"@id\":\"https:\\\/\\\/salgar.com\\\/desarrollo\\\/product\\\/reactores-de-nucleo-de-hierro\\\/\",\"url\":\"https:\\\/\\\/salgar.com\\\/desarrollo\\\/product\\\/reactores-de-nucleo-de-hierro\\\/\",\"name\":\"Reactor N\u00facleo de Hierro \u2013 Serie RNH &#8211; Tecnica Salgar\",\"isPartOf\":{\"@id\":\"https:\\\/\\\/salgar.com\\\/desarrollo\\\/#website\"},\"primaryImageOfPage\":{\"@id\":\"https:\\\/\\\/salgar.com\\\/desarrollo\\\/product\\\/reactores-de-nucleo-de-hierro\\\/#primaryimage\"},\"image\":{\"@id\":\"https:\\\/\\\/salgar.com\\\/desarrollo\\\/product\\\/reactores-de-nucleo-de-hierro\\\/#primaryimage\"},\"thumbnailUrl\":\"https:\\\/\\\/salgar.com\\\/desarrollo\\\/wp-content\\\/uploads\\\/2024\\\/11\\\/nucleo-de-hierro.jpg\",\"datePublished\":\"2024-11-07T19:44:06+00:00\",\"dateModified\":\"2026-04-02T20:42:58+00:00\",\"description\":\"Reactor N\u00facleo de Hierro \u2013 Serie RNH. Reactor de media y alta tension para instalaciones industriales y subestaciones. Tecnica Salgar.\",\"breadcrumb\":{\"@id\":\"https:\\\/\\\/salgar.com\\\/desarrollo\\\/product\\\/reactores-de-nucleo-de-hierro\\\/#breadcrumb\"},\"inLanguage\":\"es\",\"potentialAction\":[{\"@type\":\"ReadAction\",\"target\":[\"https:\\\/\\\/salgar.com\\\/desarrollo\\\/product\\\/reactores-de-nucleo-de-hierro\\\/\"]}]},{\"@type\":\"ImageObject\",\"inLanguage\":\"es\",\"@id\":\"https:\\\/\\\/salgar.com\\\/desarrollo\\\/product\\\/reactores-de-nucleo-de-hierro\\\/#primaryimage\",\"url\":\"https:\\\/\\\/salgar.com\\\/desarrollo\\\/wp-content\\\/uploads\\\/2024\\\/11\\\/nucleo-de-hierro.jpg\",\"contentUrl\":\"https:\\\/\\\/salgar.com\\\/desarrollo\\\/wp-content\\\/uploads\\\/2024\\\/11\\\/nucleo-de-hierro.jpg\",\"width\":1000,\"height\":1000},{\"@type\":\"BreadcrumbList\",\"@id\":\"https:\\\/\\\/salgar.com\\\/desarrollo\\\/product\\\/reactores-de-nucleo-de-hierro\\\/#breadcrumb\",\"itemListElement\":[{\"@type\":\"ListItem\",\"position\":1,\"name\":\"Inicio\",\"item\":\"https:\\\/\\\/salgar.com\\\/desarrollo\\\/\"},{\"@type\":\"ListItem\",\"position\":2,\"name\":\"Productos\",\"item\":\"https:\\\/\\\/salgar.com\\\/desarrollo\\\/shop\\\/\"},{\"@type\":\"ListItem\",\"position\":3,\"name\":\"Reactor N\u00facleo de Hierro \u2013 Serie RNH\"}]},{\"@type\":\"WebSite\",\"@id\":\"https:\\\/\\\/salgar.com\\\/desarrollo\\\/#website\",\"url\":\"https:\\\/\\\/salgar.com\\\/desarrollo\\\/\",\"name\":\"Tecnica Salgar\",\"description\":\"Ahorro de energ\u00eda y optimizaci\u00f3n de procesos industriales\",\"publisher\":{\"@id\":\"https:\\\/\\\/salgar.com\\\/desarrollo\\\/#organization\"},\"alternateName\":\"T\u00e9cnica Salgar\",\"potentialAction\":[{\"@type\":\"SearchAction\",\"target\":{\"@type\":\"EntryPoint\",\"urlTemplate\":\"https:\\\/\\\/salgar.com\\\/desarrollo\\\/?s={search_term_string}\"},\"query-input\":{\"@type\":\"PropertyValueSpecification\",\"valueRequired\":true,\"valueName\":\"search_term_string\"}}],\"inLanguage\":\"es\"}]}<\/script>\n<meta property=\"product:price:currency\" content=\"MXN\" \/>\n<meta property=\"og:availability\" content=\"instock\" \/>\n<meta property=\"product:availability\" content=\"instock\" \/>\n<meta property=\"product:condition\" content=\"new\" \/>\n<!-- \/ Yoast SEO Premium plugin. -->","yoast_head_json":{"title":"Reactor N\u00facleo de Hierro \u2013 Serie RNH &#8211; Tecnica Salgar","description":"Reactor N\u00facleo de Hierro \u2013 Serie RNH. Reactor de media y alta tension para instalaciones industriales y subestaciones. Tecnica Salgar.","robots":{"index":"noindex","follow":"follow","max-snippet":"max-snippet:-1","max-image-preview":"max-image-preview:large","max-video-preview":"max-video-preview:-1"},"og_locale":"es_MX","og_type":"article","og_title":"Reactor N\u00facleo de Hierro \u2013 Serie RNH","og_description":"Reactor N\u00facleo de Hierro \u2013 Serie RNH. Reactor de media y alta tension para instalaciones industriales y subestaciones. Tecnica Salgar.","og_url":"https:\/\/salgar.com\/desarrollo\/product\/reactores-de-nucleo-de-hierro\/","og_site_name":"Salgar","article_publisher":"https:\/\/www.facebook.com\/tecnicasalgarmx\/?locale=es_LA","article_modified_time":"2026-04-02T20:42:58+00:00","og_image":[{"width":1000,"height":1000,"url":"https:\/\/salgar.com\/desarrollo\/wp-content\/uploads\/2024\/11\/nucleo-de-hierro.jpg","type":"image\/jpeg"}],"twitter_card":"summary_large_image","twitter_misc":{"Precio":"","Disponibilidad":"Disponible"},"schema":{"@context":"https:\/\/schema.org","@graph":[{"@type":"WebPage","@id":"https:\/\/salgar.com\/desarrollo\/product\/reactores-de-nucleo-de-hierro\/","url":"https:\/\/salgar.com\/desarrollo\/product\/reactores-de-nucleo-de-hierro\/","name":"Reactor N\u00facleo de Hierro \u2013 Serie RNH &#8211; Tecnica Salgar","isPartOf":{"@id":"https:\/\/salgar.com\/desarrollo\/#website"},"primaryImageOfPage":{"@id":"https:\/\/salgar.com\/desarrollo\/product\/reactores-de-nucleo-de-hierro\/#primaryimage"},"image":{"@id":"https:\/\/salgar.com\/desarrollo\/product\/reactores-de-nucleo-de-hierro\/#primaryimage"},"thumbnailUrl":"https:\/\/salgar.com\/desarrollo\/wp-content\/uploads\/2024\/11\/nucleo-de-hierro.jpg","datePublished":"2024-11-07T19:44:06+00:00","dateModified":"2026-04-02T20:42:58+00:00","description":"Reactor N\u00facleo de Hierro \u2013 Serie RNH. Reactor de media y alta tension para instalaciones industriales y subestaciones. Tecnica Salgar.","breadcrumb":{"@id":"https:\/\/salgar.com\/desarrollo\/product\/reactores-de-nucleo-de-hierro\/#breadcrumb"},"inLanguage":"es","potentialAction":[{"@type":"ReadAction","target":["https:\/\/salgar.com\/desarrollo\/product\/reactores-de-nucleo-de-hierro\/"]}]},{"@type":"ImageObject","inLanguage":"es","@id":"https:\/\/salgar.com\/desarrollo\/product\/reactores-de-nucleo-de-hierro\/#primaryimage","url":"https:\/\/salgar.com\/desarrollo\/wp-content\/uploads\/2024\/11\/nucleo-de-hierro.jpg","contentUrl":"https:\/\/salgar.com\/desarrollo\/wp-content\/uploads\/2024\/11\/nucleo-de-hierro.jpg","width":1000,"height":1000},{"@type":"BreadcrumbList","@id":"https:\/\/salgar.com\/desarrollo\/product\/reactores-de-nucleo-de-hierro\/#breadcrumb","itemListElement":[{"@type":"ListItem","position":1,"name":"Inicio","item":"https:\/\/salgar.com\/desarrollo\/"},{"@type":"ListItem","position":2,"name":"Productos","item":"https:\/\/salgar.com\/desarrollo\/shop\/"},{"@type":"ListItem","position":3,"name":"Reactor N\u00facleo de Hierro \u2013 Serie RNH"}]},{"@type":"WebSite","@id":"https:\/\/salgar.com\/desarrollo\/#website","url":"https:\/\/salgar.com\/desarrollo\/","name":"Tecnica Salgar","description":"Ahorro de energ\u00eda y optimizaci\u00f3n de procesos industriales","publisher":{"@id":"https:\/\/salgar.com\/desarrollo\/#organization"},"alternateName":"T\u00e9cnica Salgar","potentialAction":[{"@type":"SearchAction","target":{"@type":"EntryPoint","urlTemplate":"https:\/\/salgar.com\/desarrollo\/?s={search_term_string}"},"query-input":{"@type":"PropertyValueSpecification","valueRequired":true,"valueName":"search_term_string"}}],"inLanguage":"es"}]},"product_price_currency":"MXN","og_availability":"instock","product_availability":"instock","product_condition":"new"},"_links":{"self":[{"href":"https:\/\/salgar.com\/desarrollo\/wp-json\/wp\/v2\/product\/873","targetHints":{"allow":["GET"]}}],"collection":[{"href":"https:\/\/salgar.com\/desarrollo\/wp-json\/wp\/v2\/product"}],"about":[{"href":"https:\/\/salgar.com\/desarrollo\/wp-json\/wp\/v2\/types\/product"}],"replies":[{"embeddable":true,"href":"https:\/\/salgar.com\/desarrollo\/wp-json\/wp\/v2\/comments?post=873"}],"wp:featuredmedia":[{"embeddable":true,"href":"https:\/\/salgar.com\/desarrollo\/wp-json\/wp\/v2\/media\/1442"}],"wp:attachment":[{"href":"https:\/\/salgar.com\/desarrollo\/wp-json\/wp\/v2\/media?parent=873"}],"wp:term":[{"taxonomy":"product_brand","embeddable":true,"href":"https:\/\/salgar.com\/desarrollo\/wp-json\/wp\/v2\/product_brand?post=873"},{"taxonomy":"product_cat","embeddable":true,"href":"https:\/\/salgar.com\/desarrollo\/wp-json\/wp\/v2\/product_cat?post=873"},{"taxonomy":"product_tag","embeddable":true,"href":"https:\/\/salgar.com\/desarrollo\/wp-json\/wp\/v2\/product_tag?post=873"}],"curies":[{"name":"wp","href":"https:\/\/api.w.org\/{rel}","templated":true}]}}