{"id":2902,"date":"2026-02-24T18:09:21","date_gmt":"2026-02-25T00:09:21","guid":{"rendered":"https:\/\/salgar.com\/desarrollo\/?page_id=2902"},"modified":"2026-02-24T18:12:31","modified_gmt":"2026-02-25T00:12:31","slug":"distorsion-armonica","status":"publish","type":"page","link":"https:\/\/salgar.com\/desarrollo\/distorsion-armonica\/","title":{"rendered":"Distorsi\u00f3n Arm\u00f3nica"},"content":{"rendered":"\t\t<div data-elementor-type=\"wp-page\" data-elementor-id=\"2902\" class=\"elementor elementor-2902\" data-elementor-post-type=\"page\">\n\t\t\t\t<div data-particle_enable=\"false\" data-particle-mobile-disabled=\"false\" class=\"elementor-element elementor-element-2b07cdb1 e-flex e-con-boxed e-con e-parent\" data-id=\"2b07cdb1\" data-element_type=\"container\" data-e-type=\"container\" data-settings=\"{&quot;background_background&quot;:&quot;classic&quot;}\">\n\t\t\t\t\t<div class=\"e-con-inner\">\n\t\t\t\t<div class=\"elementor-element elementor-element-38d99d5d elementor-widget elementor-widget-heading\" data-id=\"38d99d5d\" data-element_type=\"widget\" data-e-type=\"widget\" data-widget_type=\"heading.default\">\n\t\t\t\t<div class=\"elementor-widget-container\">\n\t\t\t\t\t<h2 class=\"elementor-heading-title elementor-size-default\">Distorsi\u00f3n Arm\u00f3nica<\/h2>\t\t\t\t<\/div>\n\t\t\t\t<\/div>\n\t\t\t\t\t<\/div>\n\t\t\t\t<\/div>\n\t\t<div data-particle_enable=\"false\" data-particle-mobile-disabled=\"false\" class=\"elementor-element elementor-element-634ae48e e-con-full e-flex e-con e-parent\" data-id=\"634ae48e\" data-element_type=\"container\" data-e-type=\"container\">\n\t\t<div data-particle_enable=\"false\" data-particle-mobile-disabled=\"false\" class=\"elementor-element elementor-element-3cb4377c e-con-full e-flex e-con e-child\" data-id=\"3cb4377c\" data-element_type=\"container\" data-e-type=\"container\">\n\t\t\t\t<div class=\"elementor-element elementor-element-2a514ec1 elementor-widget elementor-widget-heading\" data-id=\"2a514ec1\" data-element_type=\"widget\" data-e-type=\"widget\" data-widget_type=\"heading.default\">\n\t\t\t\t<div class=\"elementor-widget-container\">\n\t\t\t\t\t<h5 class=\"elementor-heading-title elementor-size-default\">Estudios<\/h5>\t\t\t\t<\/div>\n\t\t\t\t<\/div>\n\t\t\t\t<div class=\"elementor-element elementor-element-15fa2c67 elementor-widget elementor-widget-wp-widget-nav_menu\" data-id=\"15fa2c67\" data-element_type=\"widget\" data-e-type=\"widget\" data-widget_type=\"wp-widget-nav_menu.default\">\n\t\t\t\t<div class=\"elementor-widget-container\">\n\t\t\t\t\t<nav class=\"menu-estudios-container\" aria-label=\"Men\u00fa\"><ul id=\"menu-estudios\" class=\"menu\"><li id=\"menu-item-2950\" class=\"menu-item menu-item-type-post_type menu-item-object-page menu-item-2950\"><a href=\"https:\/\/salgar.com\/desarrollo\/codigo-de-red\/\">C\u00f3digo de Red<\/a><\/li>\n<li id=\"menu-item-2951\" class=\"menu-item menu-item-type-post_type menu-item-object-page menu-item-2951\"><a href=\"https:\/\/salgar.com\/desarrollo\/calidad-de-energia\/\">Calidad de Energ\u00eda<\/a><\/li>\n<li id=\"menu-item-2949\" class=\"menu-item menu-item-type-post_type menu-item-object-page menu-item-2949\"><a href=\"https:\/\/salgar.com\/desarrollo\/corrientes-armonicas\/\">Corrientes Arm\u00f3nicas<\/a><\/li>\n<li id=\"menu-item-2948\" class=\"menu-item menu-item-type-post_type menu-item-object-page menu-item-2948\"><a href=\"https:\/\/salgar.com\/desarrollo\/flicker\/\">Flicker<\/a><\/li>\n<li id=\"menu-item-2947\" class=\"menu-item menu-item-type-post_type menu-item-object-page menu-item-2947\"><a href=\"https:\/\/salgar.com\/desarrollo\/factor-de-potencia-2\/\">Factor de Potencia<\/a><\/li>\n<li id=\"menu-item-2946\" class=\"menu-item menu-item-type-post_type menu-item-object-page menu-item-2946\"><a href=\"https:\/\/salgar.com\/desarrollo\/falla-de-arco\/\">Falla de Arco<\/a><\/li>\n<li id=\"menu-item-2945\" class=\"menu-item menu-item-type-post_type menu-item-object-page menu-item-2945\"><a href=\"https:\/\/salgar.com\/desarrollo\/distorsion-armonica\/\">Distorsi\u00f3n Arm\u00f3nica<\/a><\/li>\n<li id=\"menu-item-2944\" class=\"menu-item menu-item-type-post_type menu-item-object-page menu-item-2944\"><a href=\"https:\/\/salgar.com\/desarrollo\/corto-circuito\/\">Corto Circuito<\/a><\/li>\n<li id=\"menu-item-2943\" class=\"menu-item menu-item-type-post_type menu-item-object-page menu-item-2943\"><a href=\"https:\/\/salgar.com\/desarrollo\/desbalance-de-cargas\/\">Desbalance de Cargas<\/a><\/li>\n<li id=\"menu-item-2942\" class=\"menu-item menu-item-type-post_type menu-item-object-page menu-item-2942\"><a href=\"https:\/\/salgar.com\/desarrollo\/coordinacion-de-protecciones\/\">Coordinaci\u00f3n de Protecciones<\/a><\/li>\n<\/ul><\/nav>\t\t\t\t<\/div>\n\t\t\t\t<\/div>\n\t\t\t\t<\/div>\n\t\t<div data-particle_enable=\"false\" data-particle-mobile-disabled=\"false\" class=\"elementor-element elementor-element-788ad4ba e-con-full e-flex e-con e-child\" data-id=\"788ad4ba\" data-element_type=\"container\" data-e-type=\"container\">\n\t\t\t\t<div class=\"elementor-element elementor-element-69481fd4 elementor-widget elementor-widget-heading\" data-id=\"69481fd4\" data-element_type=\"widget\" data-e-type=\"widget\" data-widget_type=\"heading.default\">\n\t\t\t\t<div class=\"elementor-widget-container\">\n\t\t\t\t\t<h2 class=\"elementor-heading-title elementor-size-default\">Distorsi\u00f3n Arm\u00f3nica<\/h2>\t\t\t\t<\/div>\n\t\t\t\t<\/div>\n\t\t\t\t<div class=\"elementor-element elementor-element-3d0b59c1 elementor-widget elementor-widget-text-editor\" data-id=\"3d0b59c1\" data-element_type=\"widget\" data-e-type=\"widget\" data-widget_type=\"text-editor.default\">\n\t\t\t\t<div class=\"elementor-widget-container\">\n\t\t\t\t\t\t\t\t\t<p data-start=\"2664\" data-end=\"2937\">La <strong data-start=\"2667\" data-end=\"2690\">Distorsi\u00f3n Arm\u00f3nica<\/strong> es un indicador clave de la eficiencia y estabilidad de un sistema el\u00e9ctrico. Cuando los niveles de THD superan los valores recomendados, se incrementan las p\u00e9rdidas el\u00e9ctricas, se deterioran los equipos y se compromete el cumplimiento normativo.<\/p><p data-start=\"2939\" data-end=\"3379\">En T\u00e9cnica Salgar analizamos la distorsi\u00f3n arm\u00f3nica tanto en corriente como en voltaje, identificando su origen y su efecto sobre equipos espec\u00edficos. A partir de estos estudios, desarrollamos soluciones de mitigaci\u00f3n que permiten reducir la distorsi\u00f3n a niveles aceptables, mejorando la eficiencia energ\u00e9tica y la confiabilidad del sistema. Este tipo de an\u00e1lisis es habitual en industrias con alta automatizaci\u00f3n y variadores de velocidad.<\/p>\t\t\t\t\t\t\t\t<\/div>\n\t\t\t\t<\/div>\n\t\t\t\t<\/div>\n\t\t<div data-particle_enable=\"false\" data-particle-mobile-disabled=\"false\" class=\"elementor-element elementor-element-3c0ff5b8 e-con-full e-flex e-con e-child\" data-id=\"3c0ff5b8\" data-element_type=\"container\" data-e-type=\"container\">\n\t\t\t\t<div class=\"elementor-element elementor-element-7853d57a elementor-widget elementor-widget-image\" data-id=\"7853d57a\" data-element_type=\"widget\" data-e-type=\"widget\" data-widget_type=\"image.default\">\n\t\t\t\t<div class=\"elementor-widget-container\">\n\t\t\t\t\t\t\t\t\t\t\t\t\t\t\t<img fetchpriority=\"high\" decoding=\"async\" width=\"450\" height=\"472\" src=\"https:\/\/salgar.com\/desarrollo\/wp-content\/uploads\/2026\/02\/distorsion-armonica.jpg\" class=\"attachment-1536x1536 size-1536x1536 wp-image-2908\" alt=\"\" srcset=\"https:\/\/salgar.com\/desarrollo\/wp-content\/uploads\/2026\/02\/distorsion-armonica.jpg 450w, https:\/\/salgar.com\/desarrollo\/wp-content\/uploads\/2026\/02\/distorsion-armonica-286x300.jpg 286w, https:\/\/salgar.com\/desarrollo\/wp-content\/uploads\/2026\/02\/distorsion-armonica-64x67.jpg 64w\" sizes=\"(max-width: 450px) 100vw, 450px\" \/>\t\t\t\t\t\t\t\t\t\t\t\t\t\t\t<\/div>\n\t\t\t\t<\/div>\n\t\t\t\t<\/div>\n\t\t\t\t<\/div>\n\t\t<div data-particle_enable=\"false\" data-particle-mobile-disabled=\"false\" class=\"elementor-element elementor-element-15d6a430 e-flex e-con-boxed e-con e-parent\" data-id=\"15d6a430\" data-element_type=\"container\" data-e-type=\"container\">\n\t\t\t\t\t<div class=\"e-con-inner\">\n\t\t<div data-particle_enable=\"false\" data-particle-mobile-disabled=\"false\" class=\"elementor-element elementor-element-5dcce0f1 e-con-full e-flex e-con e-child\" data-id=\"5dcce0f1\" data-element_type=\"container\" data-e-type=\"container\">\n\t\t\t\t<div class=\"elementor-element elementor-element-b07487d elementor-widget elementor-widget-text-editor\" data-id=\"b07487d\" data-element_type=\"widget\" data-e-type=\"widget\" data-widget_type=\"text-editor.default\">\n\t\t\t\t<div class=\"elementor-widget-container\">\n\t\t\t\t\t\t\t\t\t<strong>Conoce tus niveles de distorsi\u00f3n arm\u00f3nica y optimiza el desempe\u00f1o de tu red el\u00e9ctrica.<\/strong>\t\t\t\t\t\t\t\t<\/div>\n\t\t\t\t<\/div>\n\t\t\t\t<div class=\"elementor-element elementor-element-53321ea0 fluent-form-widget-step-header-yes fluent-form-widget-step-progressbar-yes fluentform-widget-submit-button-custom elementor-widget elementor-widget-fluent-form-widget\" data-id=\"53321ea0\" data-element_type=\"widget\" data-e-type=\"widget\" data-widget_type=\"fluent-form-widget.default\">\n\t\t\t\t<div class=\"elementor-widget-container\">\n\t\t\t\t\t\n            <div class=\"fluentform-widget-wrapper hide-fluent-form-labels fluentform-widget-align-default\">\n\n            \n            <div class='fluentform ff-default fluentform_wrapper_1 ffs_default_wrap'><form data-form_id=\"1\" id=\"fluentform_1\" class=\"frm-fluent-form fluent_form_1 ff-el-form-top ff_form_instance_1_1 ff-form-loading ffs_default\" data-form_instance=\"ff_form_instance_1_1\" method=\"POST\" ><fieldset  style=\"border: none!important;margin: 0!important;padding: 0!important;background-color: transparent!important;box-shadow: none!important;outline: none!important; min-inline-size: 100%;\">\n                    <legend class=\"ff_screen_reader_title\" style=\"display: block; margin: 0!important;padding: 0!important;height: 0!important;text-indent: -999999px;width: 0!important;overflow:hidden;\">Contacto<\/legend><input type='hidden' name='__fluent_form_embded_post_id' value='2902' \/><input type=\"hidden\" id=\"_fluentform_1_fluentformnonce\" name=\"_fluentform_1_fluentformnonce\" value=\"fef26ed062\" \/><input type=\"hidden\" name=\"_wp_http_referer\" value=\"\/desarrollo\/wp-json\/wp\/v2\/pages\/2902\" \/><div data-type=\"name-element\" data-name=\"names\" class=\" ff-field_container ff-name-field-wrapper\" ><div class='ff-t-container'><div class='ff-t-cell '><div class='ff-el-group'><div class=\"ff-el-input--label asterisk-right\"><label for='ff_1_names_first_name_' id='label_ff_1_names_first_name_' >Nombre<\/label><\/div><div class='ff-el-input--content'><input type=\"text\" name=\"names[first_name]\" id=\"ff_1_names_first_name_\" class=\"ff-el-form-control\" placeholder=\"Nombre\" aria-invalid=\"false\" aria-required=false><\/div><\/div><\/div><\/div><\/div><div class='ff-el-group'><div class=\"ff-el-input--label ff-el-is-required asterisk-right\"><label for='ff_1_email' id='label_ff_1_email' aria-label=\"Correo\">Correo<\/label><\/div><div class='ff-el-input--content'><input type=\"email\" name=\"email\" id=\"ff_1_email\" class=\"ff-el-form-control\" placeholder=\"Correo\" data-name=\"email\"  aria-invalid=\"false\" aria-required=true><\/div><\/div><div class='ff-el-group'><div class=\"ff-el-input--label ff-el-is-required asterisk-right\"><label for='ff_1_phone' id='label_ff_1_phone' aria-label=\"Tel\u00e9fono\">Tel\u00e9fono<\/label><\/div><div class='ff-el-input--content'><input name=\"phone\" class=\"ff-el-form-control ff-el-phone ff_el_with_extended_validation\" type=\"tel\" placeholder=\"Tel\u00e9fono\" data-name=\"phone\" id=\"ff_1_phone\" inputmode=\"tel\"  aria-invalid='false' aria-required=true><\/div><\/div><div class='ff-el-group'><div class=\"ff-el-input--label ff-el-is-required asterisk-right\"><label for='ff_1_message' id='label_ff_1_message' aria-label=\"Mensaje\">Mensaje<\/label><\/div><div class='ff-el-input--content'><textarea aria-required=\"true\" aria-labelledby=\"label_ff_1_message\" name=\"message\" id=\"ff_1_message\" class=\"ff-el-form-control\" placeholder=\"Mensaje\" rows=\"4\" cols=\"2\" data-name=\"message\" ><\/textarea><\/div><\/div><div class='ff-el-group ff-text-left ff_submit_btn_wrapper'><button type=\"submit\" class=\"ff-btn ff-btn-submit ff-btn-md ff_btn_style\"  aria-label=\"Enviar\">Enviar<\/button><\/div><\/fieldset><\/form><div id='fluentform_1_errors' class='ff-errors-in-stack ff_form_instance_1_1 ff-form-loading_errors ff_form_instance_1_1_errors'><\/div><\/div>            <script type=\"text\/javascript\">\n                window.fluent_form_ff_form_instance_1_1 = {\"id\":\"1\",\"settings\":{\"layout\":{\"labelPlacement\":\"top\",\"helpMessagePlacement\":\"with_label\",\"errorMessagePlacement\":\"inline\",\"cssClassName\":\"\",\"asteriskPlacement\":\"asterisk-right\"},\"restrictions\":{\"denyEmptySubmission\":{\"enabled\":false}}},\"form_instance\":\"ff_form_instance_1_1\",\"form_id_selector\":\"fluentform_1\",\"rules\":{\"names[first_name]\":{\"required\":{\"value\":false,\"message\":\"This field is required\",\"global\":false,\"global_message\":\"This field is required\"}},\"names[middle_name]\":{\"required\":{\"value\":false,\"message\":\"This field is required\",\"global\":false,\"global_message\":\"This field is required\"}},\"names[last_name]\":{\"required\":{\"value\":false,\"message\":\"This field is required\",\"global\":false,\"global_message\":\"This field is required\"}},\"email\":{\"required\":{\"value\":true,\"message\":\"Este campo es obligatorio\",\"global\":false,\"global_message\":\"This field is required\"},\"email\":{\"value\":true,\"message\":\"Este campo tiene que tener un correo v\\u00e1lido\",\"global\":false,\"global_message\":\"This field must contain a valid email\"}},\"phone\":{\"required\":{\"value\":true,\"global\":true,\"message\":\"This field is required\",\"global_message\":\"This field is required\"},\"valid_phone_number\":{\"value\":true,\"global\":true,\"message\":\"Phone number is not valid\",\"global_message\":\"Phone number is not valid\"}},\"message\":{\"required\":{\"value\":true,\"message\":\"Este campo es obligatorio\",\"global\":false,\"global_message\":\"This field is required\"}}},\"debounce_time\":300};\n                            <\/script>\n                        <\/div>\n\n            \t\t\t\t<\/div>\n\t\t\t\t<\/div>\n\t\t\t\t<\/div>\n\t\t\t\t\t<\/div>\n\t\t\t\t<\/div>\n\t\t\t\t<\/div>\n\t\t","protected":false},"excerpt":{"rendered":"<p>Distorsi\u00f3n Arm\u00f3nica Estudios Distorsi\u00f3n Arm\u00f3nica La Distorsi\u00f3n Arm\u00f3nica es un indicador clave de la eficiencia y estabilidad de un sistema el\u00e9ctrico. Cuando los niveles de THD superan los valores recomendados, se incrementan las p\u00e9rdidas el\u00e9ctricas, se deterioran los equipos y se compromete el cumplimiento normativo. En T\u00e9cnica Salgar analizamos la distorsi\u00f3n arm\u00f3nica tanto en corriente [&hellip;]<\/p>\n","protected":false},"author":5,"featured_media":0,"parent":0,"menu_order":0,"comment_status":"closed","ping_status":"closed","template":"elementor_header_footer","meta":{"_acf_changed":false,"_yoast_wpseo_title":"","_yoast_wpseo_metadesc":"","footnotes":""},"class_list":["post-2902","page","type-page","status-publish","hentry"],"acf":[],"yoast_head":"<!-- This site is optimized with the Yoast SEO Premium plugin v27.2 (Yoast SEO v27.3) - https:\/\/yoast.com\/product\/yoast-seo-premium-wordpress\/ -->\n<title>Distorsi\u00f3n Arm\u00f3nica &#8211; Tecnica Salgar<\/title>\n<meta name=\"robots\" content=\"noindex, follow, max-snippet:-1, max-image-preview:large, max-video-preview:-1\" \/>\n<meta property=\"og:locale\" content=\"es_MX\" \/>\n<meta property=\"og:type\" content=\"article\" \/>\n<meta property=\"og:title\" content=\"Distorsi\u00f3n Arm\u00f3nica\" \/>\n<meta property=\"og:description\" content=\"Distorsi\u00f3n Arm\u00f3nica Estudios Distorsi\u00f3n Arm\u00f3nica La Distorsi\u00f3n Arm\u00f3nica es un indicador clave de la eficiencia y estabilidad de un sistema el\u00e9ctrico. Cuando los niveles de THD superan los valores recomendados, se incrementan las p\u00e9rdidas el\u00e9ctricas, se deterioran los equipos y se compromete el cumplimiento normativo. En T\u00e9cnica Salgar analizamos la distorsi\u00f3n arm\u00f3nica tanto en corriente [&hellip;]\" \/>\n<meta property=\"og:url\" content=\"https:\/\/salgar.com\/desarrollo\/distorsion-armonica\/\" \/>\n<meta property=\"og:site_name\" content=\"Salgar\" \/>\n<meta property=\"article:publisher\" content=\"https:\/\/www.facebook.com\/tecnicasalgarmx\/?locale=es_LA\" \/>\n<meta property=\"article:modified_time\" content=\"2026-02-25T00:12:31+00:00\" \/>\n<meta property=\"og:image\" content=\"https:\/\/salgar.com\/desarrollo\/wp-content\/uploads\/2026\/02\/distorsion-armonica.jpg\" \/>\n\t<meta property=\"og:image:width\" content=\"450\" \/>\n\t<meta property=\"og:image:height\" content=\"472\" \/>\n\t<meta property=\"og:image:type\" content=\"image\/jpeg\" \/>\n<meta name=\"twitter:card\" content=\"summary_large_image\" \/>\n<meta name=\"twitter:label1\" content=\"Tiempo de lectura\" \/>\n\t<meta name=\"twitter:data1\" content=\"1 minuto\" \/>\n<script type=\"application\/ld+json\" class=\"yoast-schema-graph\">{\"@context\":\"https:\\\/\\\/schema.org\",\"@graph\":[{\"@type\":\"WebPage\",\"@id\":\"https:\\\/\\\/salgar.com\\\/desarrollo\\\/distorsion-armonica\\\/\",\"url\":\"https:\\\/\\\/salgar.com\\\/desarrollo\\\/distorsion-armonica\\\/\",\"name\":\"Distorsi\u00f3n Arm\u00f3nica &#8211; Tecnica Salgar\",\"isPartOf\":{\"@id\":\"https:\\\/\\\/salgar.com\\\/desarrollo\\\/#website\"},\"primaryImageOfPage\":{\"@id\":\"https:\\\/\\\/salgar.com\\\/desarrollo\\\/distorsion-armonica\\\/#primaryimage\"},\"image\":{\"@id\":\"https:\\\/\\\/salgar.com\\\/desarrollo\\\/distorsion-armonica\\\/#primaryimage\"},\"thumbnailUrl\":\"https:\\\/\\\/salgar.com\\\/desarrollo\\\/wp-content\\\/uploads\\\/2026\\\/02\\\/distorsion-armonica.jpg\",\"datePublished\":\"2026-02-25T00:09:21+00:00\",\"dateModified\":\"2026-02-25T00:12:31+00:00\",\"breadcrumb\":{\"@id\":\"https:\\\/\\\/salgar.com\\\/desarrollo\\\/distorsion-armonica\\\/#breadcrumb\"},\"inLanguage\":\"es\",\"potentialAction\":[{\"@type\":\"ReadAction\",\"target\":[\"https:\\\/\\\/salgar.com\\\/desarrollo\\\/distorsion-armonica\\\/\"]}]},{\"@type\":\"ImageObject\",\"inLanguage\":\"es\",\"@id\":\"https:\\\/\\\/salgar.com\\\/desarrollo\\\/distorsion-armonica\\\/#primaryimage\",\"url\":\"https:\\\/\\\/salgar.com\\\/desarrollo\\\/wp-content\\\/uploads\\\/2026\\\/02\\\/distorsion-armonica.jpg\",\"contentUrl\":\"https:\\\/\\\/salgar.com\\\/desarrollo\\\/wp-content\\\/uploads\\\/2026\\\/02\\\/distorsion-armonica.jpg\",\"width\":450,\"height\":472},{\"@type\":\"BreadcrumbList\",\"@id\":\"https:\\\/\\\/salgar.com\\\/desarrollo\\\/distorsion-armonica\\\/#breadcrumb\",\"itemListElement\":[{\"@type\":\"ListItem\",\"position\":1,\"name\":\"Inicio\",\"item\":\"https:\\\/\\\/salgar.com\\\/desarrollo\\\/\"},{\"@type\":\"ListItem\",\"position\":2,\"name\":\"Distorsi\u00f3n Arm\u00f3nica\"}]},{\"@type\":\"WebSite\",\"@id\":\"https:\\\/\\\/salgar.com\\\/desarrollo\\\/#website\",\"url\":\"https:\\\/\\\/salgar.com\\\/desarrollo\\\/\",\"name\":\"Tecnica Salgar\",\"description\":\"Ahorro de energ\u00eda y optimizaci\u00f3n de procesos industriales\",\"publisher\":{\"@id\":\"https:\\\/\\\/salgar.com\\\/desarrollo\\\/#organization\"},\"alternateName\":\"T\u00e9cnica Salgar\",\"potentialAction\":[{\"@type\":\"SearchAction\",\"target\":{\"@type\":\"EntryPoint\",\"urlTemplate\":\"https:\\\/\\\/salgar.com\\\/desarrollo\\\/?s={search_term_string}\"},\"query-input\":{\"@type\":\"PropertyValueSpecification\",\"valueRequired\":true,\"valueName\":\"search_term_string\"}}],\"inLanguage\":\"es\"}]}<\/script>\n<!-- \/ Yoast SEO Premium plugin. -->","yoast_head_json":{"title":"Distorsi\u00f3n Arm\u00f3nica &#8211; Tecnica Salgar","robots":{"index":"noindex","follow":"follow","max-snippet":"max-snippet:-1","max-image-preview":"max-image-preview:large","max-video-preview":"max-video-preview:-1"},"og_locale":"es_MX","og_type":"article","og_title":"Distorsi\u00f3n Arm\u00f3nica","og_description":"Distorsi\u00f3n Arm\u00f3nica Estudios Distorsi\u00f3n Arm\u00f3nica La Distorsi\u00f3n Arm\u00f3nica es un indicador clave de la eficiencia y estabilidad de un sistema el\u00e9ctrico. Cuando los niveles de THD superan los valores recomendados, se incrementan las p\u00e9rdidas el\u00e9ctricas, se deterioran los equipos y se compromete el cumplimiento normativo. En T\u00e9cnica Salgar analizamos la distorsi\u00f3n arm\u00f3nica tanto en corriente [&hellip;]","og_url":"https:\/\/salgar.com\/desarrollo\/distorsion-armonica\/","og_site_name":"Salgar","article_publisher":"https:\/\/www.facebook.com\/tecnicasalgarmx\/?locale=es_LA","article_modified_time":"2026-02-25T00:12:31+00:00","og_image":[{"width":450,"height":472,"url":"https:\/\/salgar.com\/desarrollo\/wp-content\/uploads\/2026\/02\/distorsion-armonica.jpg","type":"image\/jpeg"}],"twitter_card":"summary_large_image","twitter_misc":{"Tiempo de lectura":"1 minuto"},"schema":{"@context":"https:\/\/schema.org","@graph":[{"@type":"WebPage","@id":"https:\/\/salgar.com\/desarrollo\/distorsion-armonica\/","url":"https:\/\/salgar.com\/desarrollo\/distorsion-armonica\/","name":"Distorsi\u00f3n Arm\u00f3nica &#8211; Tecnica Salgar","isPartOf":{"@id":"https:\/\/salgar.com\/desarrollo\/#website"},"primaryImageOfPage":{"@id":"https:\/\/salgar.com\/desarrollo\/distorsion-armonica\/#primaryimage"},"image":{"@id":"https:\/\/salgar.com\/desarrollo\/distorsion-armonica\/#primaryimage"},"thumbnailUrl":"https:\/\/salgar.com\/desarrollo\/wp-content\/uploads\/2026\/02\/distorsion-armonica.jpg","datePublished":"2026-02-25T00:09:21+00:00","dateModified":"2026-02-25T00:12:31+00:00","breadcrumb":{"@id":"https:\/\/salgar.com\/desarrollo\/distorsion-armonica\/#breadcrumb"},"inLanguage":"es","potentialAction":[{"@type":"ReadAction","target":["https:\/\/salgar.com\/desarrollo\/distorsion-armonica\/"]}]},{"@type":"ImageObject","inLanguage":"es","@id":"https:\/\/salgar.com\/desarrollo\/distorsion-armonica\/#primaryimage","url":"https:\/\/salgar.com\/desarrollo\/wp-content\/uploads\/2026\/02\/distorsion-armonica.jpg","contentUrl":"https:\/\/salgar.com\/desarrollo\/wp-content\/uploads\/2026\/02\/distorsion-armonica.jpg","width":450,"height":472},{"@type":"BreadcrumbList","@id":"https:\/\/salgar.com\/desarrollo\/distorsion-armonica\/#breadcrumb","itemListElement":[{"@type":"ListItem","position":1,"name":"Inicio","item":"https:\/\/salgar.com\/desarrollo\/"},{"@type":"ListItem","position":2,"name":"Distorsi\u00f3n Arm\u00f3nica"}]},{"@type":"WebSite","@id":"https:\/\/salgar.com\/desarrollo\/#website","url":"https:\/\/salgar.com\/desarrollo\/","name":"Tecnica Salgar","description":"Ahorro de energ\u00eda y optimizaci\u00f3n de procesos industriales","publisher":{"@id":"https:\/\/salgar.com\/desarrollo\/#organization"},"alternateName":"T\u00e9cnica Salgar","potentialAction":[{"@type":"SearchAction","target":{"@type":"EntryPoint","urlTemplate":"https:\/\/salgar.com\/desarrollo\/?s={search_term_string}"},"query-input":{"@type":"PropertyValueSpecification","valueRequired":true,"valueName":"search_term_string"}}],"inLanguage":"es"}]}},"_links":{"self":[{"href":"https:\/\/salgar.com\/desarrollo\/wp-json\/wp\/v2\/pages\/2902","targetHints":{"allow":["GET"]}}],"collection":[{"href":"https:\/\/salgar.com\/desarrollo\/wp-json\/wp\/v2\/pages"}],"about":[{"href":"https:\/\/salgar.com\/desarrollo\/wp-json\/wp\/v2\/types\/page"}],"author":[{"embeddable":true,"href":"https:\/\/salgar.com\/desarrollo\/wp-json\/wp\/v2\/users\/5"}],"replies":[{"embeddable":true,"href":"https:\/\/salgar.com\/desarrollo\/wp-json\/wp\/v2\/comments?post=2902"}],"version-history":[{"count":6,"href":"https:\/\/salgar.com\/desarrollo\/wp-json\/wp\/v2\/pages\/2902\/revisions"}],"predecessor-version":[{"id":2914,"href":"https:\/\/salgar.com\/desarrollo\/wp-json\/wp\/v2\/pages\/2902\/revisions\/2914"}],"wp:attachment":[{"href":"https:\/\/salgar.com\/desarrollo\/wp-json\/wp\/v2\/media?parent=2902"}],"curies":[{"name":"wp","href":"https:\/\/api.w.org\/{rel}","templated":true}]}}