{"id":2881,"date":"2026-02-24T17:21:33","date_gmt":"2026-02-24T23:21:33","guid":{"rendered":"https:\/\/salgar.com\/desarrollo\/?page_id=2881"},"modified":"2026-02-24T17:25:50","modified_gmt":"2026-02-24T23:25:50","slug":"flicker","status":"publish","type":"page","link":"https:\/\/salgar.com\/desarrollo\/flicker\/","title":{"rendered":"Flicker"},"content":{"rendered":"\t\t<div data-elementor-type=\"wp-page\" data-elementor-id=\"2881\" class=\"elementor elementor-2881\" data-elementor-post-type=\"page\">\n\t\t\t\t<div data-particle_enable=\"false\" data-particle-mobile-disabled=\"false\" class=\"elementor-element elementor-element-779280a9 e-flex e-con-boxed e-con e-parent\" data-id=\"779280a9\" data-element_type=\"container\" data-e-type=\"container\" data-settings=\"{&quot;background_background&quot;:&quot;classic&quot;}\">\n\t\t\t\t\t<div class=\"e-con-inner\">\n\t\t\t\t<div class=\"elementor-element elementor-element-6726d1f6 elementor-widget elementor-widget-heading\" data-id=\"6726d1f6\" data-element_type=\"widget\" data-e-type=\"widget\" data-widget_type=\"heading.default\">\n\t\t\t\t<div class=\"elementor-widget-container\">\n\t\t\t\t\t<h2 class=\"elementor-heading-title elementor-size-default\">Flicker<\/h2>\t\t\t\t<\/div>\n\t\t\t\t<\/div>\n\t\t\t\t\t<\/div>\n\t\t\t\t<\/div>\n\t\t<div data-particle_enable=\"false\" data-particle-mobile-disabled=\"false\" class=\"elementor-element elementor-element-20d0f1fd e-con-full e-flex e-con e-parent\" data-id=\"20d0f1fd\" data-element_type=\"container\" data-e-type=\"container\">\n\t\t<div data-particle_enable=\"false\" data-particle-mobile-disabled=\"false\" class=\"elementor-element elementor-element-593e483b e-con-full e-flex e-con e-child\" data-id=\"593e483b\" data-element_type=\"container\" data-e-type=\"container\">\n\t\t\t\t<div class=\"elementor-element elementor-element-3eec22f2 elementor-widget elementor-widget-heading\" data-id=\"3eec22f2\" data-element_type=\"widget\" data-e-type=\"widget\" data-widget_type=\"heading.default\">\n\t\t\t\t<div class=\"elementor-widget-container\">\n\t\t\t\t\t<h5 class=\"elementor-heading-title elementor-size-default\">Estudios<\/h5>\t\t\t\t<\/div>\n\t\t\t\t<\/div>\n\t\t\t\t<div class=\"elementor-element elementor-element-1d6d2289 elementor-widget elementor-widget-wp-widget-nav_menu\" data-id=\"1d6d2289\" data-element_type=\"widget\" data-e-type=\"widget\" data-widget_type=\"wp-widget-nav_menu.default\">\n\t\t\t\t<div class=\"elementor-widget-container\">\n\t\t\t\t\t<nav class=\"menu-estudios-container\" aria-label=\"Men\u00fa\"><ul id=\"menu-estudios\" class=\"menu\"><li id=\"menu-item-2950\" class=\"menu-item menu-item-type-post_type menu-item-object-page menu-item-2950\"><a href=\"https:\/\/salgar.com\/desarrollo\/codigo-de-red\/\">C\u00f3digo de Red<\/a><\/li>\n<li id=\"menu-item-2951\" class=\"menu-item menu-item-type-post_type menu-item-object-page menu-item-2951\"><a href=\"https:\/\/salgar.com\/desarrollo\/calidad-de-energia\/\">Calidad de Energ\u00eda<\/a><\/li>\n<li id=\"menu-item-2949\" class=\"menu-item menu-item-type-post_type menu-item-object-page menu-item-2949\"><a href=\"https:\/\/salgar.com\/desarrollo\/corrientes-armonicas\/\">Corrientes Arm\u00f3nicas<\/a><\/li>\n<li id=\"menu-item-2948\" class=\"menu-item menu-item-type-post_type menu-item-object-page menu-item-2948\"><a href=\"https:\/\/salgar.com\/desarrollo\/flicker\/\">Flicker<\/a><\/li>\n<li id=\"menu-item-2947\" class=\"menu-item menu-item-type-post_type menu-item-object-page menu-item-2947\"><a href=\"https:\/\/salgar.com\/desarrollo\/factor-de-potencia-2\/\">Factor de Potencia<\/a><\/li>\n<li id=\"menu-item-2946\" class=\"menu-item menu-item-type-post_type menu-item-object-page menu-item-2946\"><a href=\"https:\/\/salgar.com\/desarrollo\/falla-de-arco\/\">Falla de Arco<\/a><\/li>\n<li id=\"menu-item-2945\" class=\"menu-item menu-item-type-post_type menu-item-object-page menu-item-2945\"><a href=\"https:\/\/salgar.com\/desarrollo\/distorsion-armonica\/\">Distorsi\u00f3n Arm\u00f3nica<\/a><\/li>\n<li id=\"menu-item-2944\" class=\"menu-item menu-item-type-post_type menu-item-object-page menu-item-2944\"><a href=\"https:\/\/salgar.com\/desarrollo\/corto-circuito\/\">Corto Circuito<\/a><\/li>\n<li id=\"menu-item-2943\" class=\"menu-item menu-item-type-post_type menu-item-object-page menu-item-2943\"><a href=\"https:\/\/salgar.com\/desarrollo\/desbalance-de-cargas\/\">Desbalance de Cargas<\/a><\/li>\n<li id=\"menu-item-2942\" class=\"menu-item menu-item-type-post_type menu-item-object-page menu-item-2942\"><a href=\"https:\/\/salgar.com\/desarrollo\/coordinacion-de-protecciones\/\">Coordinaci\u00f3n de Protecciones<\/a><\/li>\n<\/ul><\/nav>\t\t\t\t<\/div>\n\t\t\t\t<\/div>\n\t\t\t\t<\/div>\n\t\t<div data-particle_enable=\"false\" data-particle-mobile-disabled=\"false\" class=\"elementor-element elementor-element-2cbfbf7f e-con-full e-flex e-con e-child\" data-id=\"2cbfbf7f\" data-element_type=\"container\" data-e-type=\"container\">\n\t\t\t\t<div class=\"elementor-element elementor-element-75720d53 elementor-widget elementor-widget-heading\" data-id=\"75720d53\" data-element_type=\"widget\" data-e-type=\"widget\" data-widget_type=\"heading.default\">\n\t\t\t\t<div class=\"elementor-widget-container\">\n\t\t\t\t\t<h2 class=\"elementor-heading-title elementor-size-default\">Flicker<\/h2>\t\t\t\t<\/div>\n\t\t\t\t<\/div>\n\t\t\t\t<div class=\"elementor-element elementor-element-1e287f17 elementor-widget elementor-widget-text-editor\" data-id=\"1e287f17\" data-element_type=\"widget\" data-e-type=\"widget\" data-widget_type=\"text-editor.default\">\n\t\t\t\t<div class=\"elementor-widget-container\">\n\t\t\t\t\t\t\t\t\t<p data-start=\"3515\" data-end=\"3778\">El <strong data-start=\"3518\" data-end=\"3529\">Flicker<\/strong> es un fen\u00f3meno asociado a fluctuaciones r\u00e1pidas de voltaje, perceptibles tanto en equipos como en iluminaci\u00f3n. Es com\u00fan en industrias con arranques frecuentes de grandes motores, hornos el\u00e9ctricos, equipos de soldadura o cargas altamente variables.<\/p><p data-start=\"3780\" data-end=\"4217\">T\u00e9cnica Salgar eval\u00faa el flicker mediante mediciones din\u00e1micas que permiten identificar su origen y frecuencia. Con base en estos resultados, dise\u00f1amos soluciones que estabilizan el voltaje y reducen el impacto de estas fluctuaciones. El control del flicker es especialmente relevante en industrias metalmec\u00e1nicas, acereras y de manufactura pesada, donde la estabilidad del suministro el\u00e9ctrico es esencial para la continuidad operativa.<\/p>\t\t\t\t\t\t\t\t<\/div>\n\t\t\t\t<\/div>\n\t\t\t\t<\/div>\n\t\t<div data-particle_enable=\"false\" data-particle-mobile-disabled=\"false\" class=\"elementor-element elementor-element-53b844f4 e-con-full e-flex e-con e-child\" data-id=\"53b844f4\" data-element_type=\"container\" data-e-type=\"container\">\n\t\t\t\t<div class=\"elementor-element elementor-element-4953b95e elementor-widget elementor-widget-image\" data-id=\"4953b95e\" data-element_type=\"widget\" data-e-type=\"widget\" data-widget_type=\"image.default\">\n\t\t\t\t<div class=\"elementor-widget-container\">\n\t\t\t\t\t\t\t\t\t\t\t\t\t\t\t<img fetchpriority=\"high\" decoding=\"async\" width=\"450\" height=\"472\" src=\"https:\/\/salgar.com\/desarrollo\/wp-content\/uploads\/2026\/02\/flicker.jpg\" class=\"attachment-1536x1536 size-1536x1536 wp-image-2884\" alt=\"\" srcset=\"https:\/\/salgar.com\/desarrollo\/wp-content\/uploads\/2026\/02\/flicker.jpg 450w, https:\/\/salgar.com\/desarrollo\/wp-content\/uploads\/2026\/02\/flicker-286x300.jpg 286w, https:\/\/salgar.com\/desarrollo\/wp-content\/uploads\/2026\/02\/flicker-64x67.jpg 64w\" sizes=\"(max-width: 450px) 100vw, 450px\" \/>\t\t\t\t\t\t\t\t\t\t\t\t\t\t\t<\/div>\n\t\t\t\t<\/div>\n\t\t\t\t<\/div>\n\t\t\t\t<\/div>\n\t\t<div data-particle_enable=\"false\" data-particle-mobile-disabled=\"false\" class=\"elementor-element elementor-element-6e90b563 e-flex e-con-boxed e-con e-parent\" data-id=\"6e90b563\" data-element_type=\"container\" data-e-type=\"container\">\n\t\t\t\t\t<div class=\"e-con-inner\">\n\t\t<div data-particle_enable=\"false\" data-particle-mobile-disabled=\"false\" class=\"elementor-element elementor-element-38d22c3b e-con-full e-flex e-con e-child\" data-id=\"38d22c3b\" data-element_type=\"container\" data-e-type=\"container\">\n\t\t\t\t<div class=\"elementor-element elementor-element-36a2e70f elementor-widget elementor-widget-text-editor\" data-id=\"36a2e70f\" data-element_type=\"widget\" data-e-type=\"widget\" data-widget_type=\"text-editor.default\">\n\t\t\t\t<div class=\"elementor-widget-container\">\n\t\t\t\t\t\t\t\t\t<strong>Identifica y controla el flicker antes de que afecte tu operaci\u00f3n.<\/strong>\t\t\t\t\t\t\t\t<\/div>\n\t\t\t\t<\/div>\n\t\t\t\t<div class=\"elementor-element elementor-element-76adae28 fluent-form-widget-step-header-yes fluent-form-widget-step-progressbar-yes fluentform-widget-submit-button-custom elementor-widget elementor-widget-fluent-form-widget\" data-id=\"76adae28\" data-element_type=\"widget\" data-e-type=\"widget\" data-widget_type=\"fluent-form-widget.default\">\n\t\t\t\t<div class=\"elementor-widget-container\">\n\t\t\t\t\t\n            <div class=\"fluentform-widget-wrapper hide-fluent-form-labels fluentform-widget-align-default\">\n\n            \n            <div class='fluentform ff-default fluentform_wrapper_1 ffs_default_wrap'><form data-form_id=\"1\" id=\"fluentform_1\" class=\"frm-fluent-form fluent_form_1 ff-el-form-top ff_form_instance_1_1 ff-form-loading ffs_default\" data-form_instance=\"ff_form_instance_1_1\" method=\"POST\" ><fieldset  style=\"border: none!important;margin: 0!important;padding: 0!important;background-color: transparent!important;box-shadow: none!important;outline: none!important; min-inline-size: 100%;\">\n                    <legend class=\"ff_screen_reader_title\" style=\"display: block; margin: 0!important;padding: 0!important;height: 0!important;text-indent: -999999px;width: 0!important;overflow:hidden;\">Contacto<\/legend><input type='hidden' name='__fluent_form_embded_post_id' value='2881' \/><input type=\"hidden\" id=\"_fluentform_1_fluentformnonce\" name=\"_fluentform_1_fluentformnonce\" value=\"fef26ed062\" \/><input type=\"hidden\" name=\"_wp_http_referer\" value=\"\/desarrollo\/wp-json\/wp\/v2\/pages\/2881\" \/><div data-type=\"name-element\" data-name=\"names\" class=\" ff-field_container ff-name-field-wrapper\" ><div class='ff-t-container'><div class='ff-t-cell '><div class='ff-el-group'><div class=\"ff-el-input--label asterisk-right\"><label for='ff_1_names_first_name_' id='label_ff_1_names_first_name_' >Nombre<\/label><\/div><div class='ff-el-input--content'><input type=\"text\" name=\"names[first_name]\" id=\"ff_1_names_first_name_\" class=\"ff-el-form-control\" placeholder=\"Nombre\" aria-invalid=\"false\" aria-required=false><\/div><\/div><\/div><\/div><\/div><div class='ff-el-group'><div class=\"ff-el-input--label ff-el-is-required asterisk-right\"><label for='ff_1_email' id='label_ff_1_email' aria-label=\"Correo\">Correo<\/label><\/div><div class='ff-el-input--content'><input type=\"email\" name=\"email\" id=\"ff_1_email\" class=\"ff-el-form-control\" placeholder=\"Correo\" data-name=\"email\"  aria-invalid=\"false\" aria-required=true><\/div><\/div><div class='ff-el-group'><div class=\"ff-el-input--label ff-el-is-required asterisk-right\"><label for='ff_1_phone' id='label_ff_1_phone' aria-label=\"Tel\u00e9fono\">Tel\u00e9fono<\/label><\/div><div class='ff-el-input--content'><input name=\"phone\" class=\"ff-el-form-control ff-el-phone ff_el_with_extended_validation\" type=\"tel\" placeholder=\"Tel\u00e9fono\" data-name=\"phone\" id=\"ff_1_phone\" inputmode=\"tel\"  aria-invalid='false' aria-required=true><\/div><\/div><div class='ff-el-group'><div class=\"ff-el-input--label ff-el-is-required asterisk-right\"><label for='ff_1_message' id='label_ff_1_message' aria-label=\"Mensaje\">Mensaje<\/label><\/div><div class='ff-el-input--content'><textarea aria-required=\"true\" aria-labelledby=\"label_ff_1_message\" name=\"message\" id=\"ff_1_message\" class=\"ff-el-form-control\" placeholder=\"Mensaje\" rows=\"4\" cols=\"2\" data-name=\"message\" ><\/textarea><\/div><\/div><div class='ff-el-group ff-text-left ff_submit_btn_wrapper'><button type=\"submit\" class=\"ff-btn ff-btn-submit ff-btn-md ff_btn_style\"  aria-label=\"Enviar\">Enviar<\/button><\/div><\/fieldset><\/form><div id='fluentform_1_errors' class='ff-errors-in-stack ff_form_instance_1_1 ff-form-loading_errors ff_form_instance_1_1_errors'><\/div><\/div>            <script type=\"text\/javascript\">\n                window.fluent_form_ff_form_instance_1_1 = {\"id\":\"1\",\"settings\":{\"layout\":{\"labelPlacement\":\"top\",\"helpMessagePlacement\":\"with_label\",\"errorMessagePlacement\":\"inline\",\"cssClassName\":\"\",\"asteriskPlacement\":\"asterisk-right\"},\"restrictions\":{\"denyEmptySubmission\":{\"enabled\":false}}},\"form_instance\":\"ff_form_instance_1_1\",\"form_id_selector\":\"fluentform_1\",\"rules\":{\"names[first_name]\":{\"required\":{\"value\":false,\"message\":\"This field is required\",\"global\":false,\"global_message\":\"This field is required\"}},\"names[middle_name]\":{\"required\":{\"value\":false,\"message\":\"This field is required\",\"global\":false,\"global_message\":\"This field is required\"}},\"names[last_name]\":{\"required\":{\"value\":false,\"message\":\"This field is required\",\"global\":false,\"global_message\":\"This field is required\"}},\"email\":{\"required\":{\"value\":true,\"message\":\"Este campo es obligatorio\",\"global\":false,\"global_message\":\"This field is required\"},\"email\":{\"value\":true,\"message\":\"Este campo tiene que tener un correo v\\u00e1lido\",\"global\":false,\"global_message\":\"This field must contain a valid email\"}},\"phone\":{\"required\":{\"value\":true,\"global\":true,\"message\":\"This field is required\",\"global_message\":\"This field is required\"},\"valid_phone_number\":{\"value\":true,\"global\":true,\"message\":\"Phone number is not valid\",\"global_message\":\"Phone number is not valid\"}},\"message\":{\"required\":{\"value\":true,\"message\":\"Este campo es obligatorio\",\"global\":false,\"global_message\":\"This field is required\"}}},\"debounce_time\":300};\n                            <\/script>\n                        <\/div>\n\n            \t\t\t\t<\/div>\n\t\t\t\t<\/div>\n\t\t\t\t<\/div>\n\t\t\t\t\t<\/div>\n\t\t\t\t<\/div>\n\t\t\t\t<\/div>\n\t\t","protected":false},"excerpt":{"rendered":"<p>Flicker Estudios Flicker El Flicker es un fen\u00f3meno asociado a fluctuaciones r\u00e1pidas de voltaje, perceptibles tanto en equipos como en iluminaci\u00f3n. Es com\u00fan en industrias con arranques frecuentes de grandes motores, hornos el\u00e9ctricos, equipos de soldadura o cargas altamente variables. T\u00e9cnica Salgar eval\u00faa el flicker mediante mediciones din\u00e1micas que permiten identificar su origen y frecuencia. [&hellip;]<\/p>\n","protected":false},"author":5,"featured_media":0,"parent":0,"menu_order":0,"comment_status":"closed","ping_status":"closed","template":"elementor_header_footer","meta":{"_acf_changed":false,"_yoast_wpseo_title":"","_yoast_wpseo_metadesc":"","footnotes":""},"class_list":["post-2881","page","type-page","status-publish","hentry"],"acf":[],"yoast_head":"<!-- This site is optimized with the Yoast SEO Premium plugin v27.2 (Yoast SEO v27.3) - https:\/\/yoast.com\/product\/yoast-seo-premium-wordpress\/ -->\n<title>Flicker &#8211; Tecnica Salgar<\/title>\n<meta name=\"robots\" content=\"noindex, follow, max-snippet:-1, max-image-preview:large, max-video-preview:-1\" \/>\n<meta property=\"og:locale\" content=\"es_MX\" \/>\n<meta property=\"og:type\" content=\"article\" \/>\n<meta property=\"og:title\" content=\"Flicker\" \/>\n<meta property=\"og:description\" content=\"Flicker Estudios Flicker El Flicker es un fen\u00f3meno asociado a fluctuaciones r\u00e1pidas de voltaje, perceptibles tanto en equipos como en iluminaci\u00f3n. Es com\u00fan en industrias con arranques frecuentes de grandes motores, hornos el\u00e9ctricos, equipos de soldadura o cargas altamente variables. T\u00e9cnica Salgar eval\u00faa el flicker mediante mediciones din\u00e1micas que permiten identificar su origen y frecuencia. [&hellip;]\" \/>\n<meta property=\"og:url\" content=\"https:\/\/salgar.com\/desarrollo\/flicker\/\" \/>\n<meta property=\"og:site_name\" content=\"Salgar\" \/>\n<meta property=\"article:publisher\" content=\"https:\/\/www.facebook.com\/tecnicasalgarmx\/?locale=es_LA\" \/>\n<meta property=\"article:modified_time\" content=\"2026-02-24T23:25:50+00:00\" \/>\n<meta property=\"og:image\" content=\"https:\/\/salgar.com\/desarrollo\/wp-content\/uploads\/2026\/02\/flicker.jpg\" \/>\n\t<meta property=\"og:image:width\" content=\"450\" \/>\n\t<meta property=\"og:image:height\" content=\"472\" \/>\n\t<meta property=\"og:image:type\" content=\"image\/jpeg\" \/>\n<meta name=\"twitter:card\" content=\"summary_large_image\" \/>\n<meta name=\"twitter:label1\" content=\"Tiempo de lectura\" \/>\n\t<meta name=\"twitter:data1\" content=\"1 minuto\" \/>\n<script type=\"application\/ld+json\" class=\"yoast-schema-graph\">{\"@context\":\"https:\\\/\\\/schema.org\",\"@graph\":[{\"@type\":\"WebPage\",\"@id\":\"https:\\\/\\\/salgar.com\\\/desarrollo\\\/flicker\\\/\",\"url\":\"https:\\\/\\\/salgar.com\\\/desarrollo\\\/flicker\\\/\",\"name\":\"Flicker &#8211; Tecnica Salgar\",\"isPartOf\":{\"@id\":\"https:\\\/\\\/salgar.com\\\/desarrollo\\\/#website\"},\"primaryImageOfPage\":{\"@id\":\"https:\\\/\\\/salgar.com\\\/desarrollo\\\/flicker\\\/#primaryimage\"},\"image\":{\"@id\":\"https:\\\/\\\/salgar.com\\\/desarrollo\\\/flicker\\\/#primaryimage\"},\"thumbnailUrl\":\"https:\\\/\\\/salgar.com\\\/desarrollo\\\/wp-content\\\/uploads\\\/2026\\\/02\\\/flicker.jpg\",\"datePublished\":\"2026-02-24T23:21:33+00:00\",\"dateModified\":\"2026-02-24T23:25:50+00:00\",\"breadcrumb\":{\"@id\":\"https:\\\/\\\/salgar.com\\\/desarrollo\\\/flicker\\\/#breadcrumb\"},\"inLanguage\":\"es\",\"potentialAction\":[{\"@type\":\"ReadAction\",\"target\":[\"https:\\\/\\\/salgar.com\\\/desarrollo\\\/flicker\\\/\"]}]},{\"@type\":\"ImageObject\",\"inLanguage\":\"es\",\"@id\":\"https:\\\/\\\/salgar.com\\\/desarrollo\\\/flicker\\\/#primaryimage\",\"url\":\"https:\\\/\\\/salgar.com\\\/desarrollo\\\/wp-content\\\/uploads\\\/2026\\\/02\\\/flicker.jpg\",\"contentUrl\":\"https:\\\/\\\/salgar.com\\\/desarrollo\\\/wp-content\\\/uploads\\\/2026\\\/02\\\/flicker.jpg\",\"width\":450,\"height\":472},{\"@type\":\"BreadcrumbList\",\"@id\":\"https:\\\/\\\/salgar.com\\\/desarrollo\\\/flicker\\\/#breadcrumb\",\"itemListElement\":[{\"@type\":\"ListItem\",\"position\":1,\"name\":\"Inicio\",\"item\":\"https:\\\/\\\/salgar.com\\\/desarrollo\\\/\"},{\"@type\":\"ListItem\",\"position\":2,\"name\":\"Flicker\"}]},{\"@type\":\"WebSite\",\"@id\":\"https:\\\/\\\/salgar.com\\\/desarrollo\\\/#website\",\"url\":\"https:\\\/\\\/salgar.com\\\/desarrollo\\\/\",\"name\":\"Tecnica Salgar\",\"description\":\"Ahorro de energ\u00eda y optimizaci\u00f3n de procesos industriales\",\"publisher\":{\"@id\":\"https:\\\/\\\/salgar.com\\\/desarrollo\\\/#organization\"},\"alternateName\":\"T\u00e9cnica Salgar\",\"potentialAction\":[{\"@type\":\"SearchAction\",\"target\":{\"@type\":\"EntryPoint\",\"urlTemplate\":\"https:\\\/\\\/salgar.com\\\/desarrollo\\\/?s={search_term_string}\"},\"query-input\":{\"@type\":\"PropertyValueSpecification\",\"valueRequired\":true,\"valueName\":\"search_term_string\"}}],\"inLanguage\":\"es\"}]}<\/script>\n<!-- \/ Yoast SEO Premium plugin. -->","yoast_head_json":{"title":"Flicker &#8211; Tecnica Salgar","robots":{"index":"noindex","follow":"follow","max-snippet":"max-snippet:-1","max-image-preview":"max-image-preview:large","max-video-preview":"max-video-preview:-1"},"og_locale":"es_MX","og_type":"article","og_title":"Flicker","og_description":"Flicker Estudios Flicker El Flicker es un fen\u00f3meno asociado a fluctuaciones r\u00e1pidas de voltaje, perceptibles tanto en equipos como en iluminaci\u00f3n. Es com\u00fan en industrias con arranques frecuentes de grandes motores, hornos el\u00e9ctricos, equipos de soldadura o cargas altamente variables. T\u00e9cnica Salgar eval\u00faa el flicker mediante mediciones din\u00e1micas que permiten identificar su origen y frecuencia. [&hellip;]","og_url":"https:\/\/salgar.com\/desarrollo\/flicker\/","og_site_name":"Salgar","article_publisher":"https:\/\/www.facebook.com\/tecnicasalgarmx\/?locale=es_LA","article_modified_time":"2026-02-24T23:25:50+00:00","og_image":[{"width":450,"height":472,"url":"https:\/\/salgar.com\/desarrollo\/wp-content\/uploads\/2026\/02\/flicker.jpg","type":"image\/jpeg"}],"twitter_card":"summary_large_image","twitter_misc":{"Tiempo de lectura":"1 minuto"},"schema":{"@context":"https:\/\/schema.org","@graph":[{"@type":"WebPage","@id":"https:\/\/salgar.com\/desarrollo\/flicker\/","url":"https:\/\/salgar.com\/desarrollo\/flicker\/","name":"Flicker &#8211; Tecnica Salgar","isPartOf":{"@id":"https:\/\/salgar.com\/desarrollo\/#website"},"primaryImageOfPage":{"@id":"https:\/\/salgar.com\/desarrollo\/flicker\/#primaryimage"},"image":{"@id":"https:\/\/salgar.com\/desarrollo\/flicker\/#primaryimage"},"thumbnailUrl":"https:\/\/salgar.com\/desarrollo\/wp-content\/uploads\/2026\/02\/flicker.jpg","datePublished":"2026-02-24T23:21:33+00:00","dateModified":"2026-02-24T23:25:50+00:00","breadcrumb":{"@id":"https:\/\/salgar.com\/desarrollo\/flicker\/#breadcrumb"},"inLanguage":"es","potentialAction":[{"@type":"ReadAction","target":["https:\/\/salgar.com\/desarrollo\/flicker\/"]}]},{"@type":"ImageObject","inLanguage":"es","@id":"https:\/\/salgar.com\/desarrollo\/flicker\/#primaryimage","url":"https:\/\/salgar.com\/desarrollo\/wp-content\/uploads\/2026\/02\/flicker.jpg","contentUrl":"https:\/\/salgar.com\/desarrollo\/wp-content\/uploads\/2026\/02\/flicker.jpg","width":450,"height":472},{"@type":"BreadcrumbList","@id":"https:\/\/salgar.com\/desarrollo\/flicker\/#breadcrumb","itemListElement":[{"@type":"ListItem","position":1,"name":"Inicio","item":"https:\/\/salgar.com\/desarrollo\/"},{"@type":"ListItem","position":2,"name":"Flicker"}]},{"@type":"WebSite","@id":"https:\/\/salgar.com\/desarrollo\/#website","url":"https:\/\/salgar.com\/desarrollo\/","name":"Tecnica Salgar","description":"Ahorro de energ\u00eda y optimizaci\u00f3n de procesos industriales","publisher":{"@id":"https:\/\/salgar.com\/desarrollo\/#organization"},"alternateName":"T\u00e9cnica Salgar","potentialAction":[{"@type":"SearchAction","target":{"@type":"EntryPoint","urlTemplate":"https:\/\/salgar.com\/desarrollo\/?s={search_term_string}"},"query-input":{"@type":"PropertyValueSpecification","valueRequired":true,"valueName":"search_term_string"}}],"inLanguage":"es"}]}},"_links":{"self":[{"href":"https:\/\/salgar.com\/desarrollo\/wp-json\/wp\/v2\/pages\/2881","targetHints":{"allow":["GET"]}}],"collection":[{"href":"https:\/\/salgar.com\/desarrollo\/wp-json\/wp\/v2\/pages"}],"about":[{"href":"https:\/\/salgar.com\/desarrollo\/wp-json\/wp\/v2\/types\/page"}],"author":[{"embeddable":true,"href":"https:\/\/salgar.com\/desarrollo\/wp-json\/wp\/v2\/users\/5"}],"replies":[{"embeddable":true,"href":"https:\/\/salgar.com\/desarrollo\/wp-json\/wp\/v2\/comments?post=2881"}],"version-history":[{"count":8,"href":"https:\/\/salgar.com\/desarrollo\/wp-json\/wp\/v2\/pages\/2881\/revisions"}],"predecessor-version":[{"id":2970,"href":"https:\/\/salgar.com\/desarrollo\/wp-json\/wp\/v2\/pages\/2881\/revisions\/2970"}],"wp:attachment":[{"href":"https:\/\/salgar.com\/desarrollo\/wp-json\/wp\/v2\/media?parent=2881"}],"curies":[{"name":"wp","href":"https:\/\/api.w.org\/{rel}","templated":true}]}}