{"id":2861,"date":"2026-02-24T17:06:53","date_gmt":"2026-02-24T23:06:53","guid":{"rendered":"https:\/\/salgar.com\/desarrollo\/?page_id=2861"},"modified":"2026-04-09T14:33:21","modified_gmt":"2026-04-09T20:33:21","slug":"codigo-de-red","status":"publish","type":"page","link":"https:\/\/salgar.com\/desarrollo\/codigo-de-red\/","title":{"rendered":"C\u00f3digo de Red"},"content":{"rendered":"<h2>C\u00f3digo de Red<\/h2>\n<h5>Estudios<\/h5>\n<h2>C\u00f3digo de Red<\/h2>\n<p data-start=\"7525\" data-end=\"7776\">El <strong data-start=\"7528\" data-end=\"7545\">C\u00f3digo de Red<\/strong> establece los criterios t\u00e9cnicos que las instalaciones industriales deben cumplir para garantizar la estabilidad del Sistema El\u00e9ctrico Nacional. Su incumplimiento puede generar penalizaciones econ\u00f3micas y restricciones operativas.<\/p>\n<p data-start=\"7778\" data-end=\"8119\">T\u00e9cnica Salgar acompa\u00f1a a las organizaciones desde el diagn\u00f3stico hasta la implementaci\u00f3n de soluciones que aseguran el cumplimiento del C\u00f3digo de Red. Nuestro enfoque integra estudios t\u00e9cnicos, ingenier\u00eda aplicada y seguimiento continuo, permitiendo a las empresas cumplir con la normativa sin comprometer su operaci\u00f3n ni su competitividad.<\/p>\n<p>\t\t\t\t\t\t\t\t\t\t\t\t\t\t\t<img fetchpriority=\"high\" decoding=\"async\" width=\"450\" height=\"472\" src=\"https:\/\/salgar.com\/desarrollo\/wp-content\/uploads\/2026\/02\/codigo-de-red.jpg\" alt=\"\" srcset=\"https:\/\/salgar.com\/desarrollo\/wp-content\/uploads\/2026\/02\/codigo-de-red.jpg 450w, https:\/\/salgar.com\/desarrollo\/wp-content\/uploads\/2026\/02\/codigo-de-red-286x300.jpg 286w, https:\/\/salgar.com\/desarrollo\/wp-content\/uploads\/2026\/02\/codigo-de-red-64x67.jpg 64w\" sizes=\"(max-width: 450px) 100vw, 450px\" \/><br \/>\n\t\t<strong>Eval\u00faa tu nivel de cumplimiento del C\u00f3digo de Red y evita sanciones.<\/strong>\t\t<\/p>\n<form data-form_id=\"1\" id=\"fluentform_1\" data-form_instance=\"ff_form_instance_1_3\" method=\"POST\" >\n<fieldset  style=\"border: none!important;margin: 0!important;padding: 0!important;background-color: transparent!important;box-shadow: none!important;outline: none!important; min-inline-size: 100%;\">\n<legend style=\"display: block; margin: 0!important;padding: 0!important;height: 0!important;text-indent: -999999px;width: 0!important;overflow:hidden;\">Contacto<\/legend>\n<p><input type='hidden' name='__fluent_form_embded_post_id' value='2861' \/><input type=\"hidden\" id=\"_fluentform_1_fluentformnonce\" name=\"_fluentform_1_fluentformnonce\" value=\"86590cb03f\" \/><input type=\"hidden\" name=\"_wp_http_referer\" value=\"\/desarrollo\/wp-admin\/admin-ajax.php\" \/><label for='ff_1_3_names_first_name_' >Nombre<\/label><input type=\"text\" name=\"names[first_name]\" id=\"ff_1_3_names_first_name_\" placeholder=\"Nombre\" aria-invalid=\"false\" aria-required=false><label for='ff_1_3_email' aria-label=\"Correo\">Correo<\/label><input type=\"email\" name=\"email\" id=\"ff_1_3_email\" placeholder=\"Correo\" data-name=\"email\"  aria-invalid=\"false\" aria-required=true><label for='ff_1_3_phone' aria-label=\"Tel\u00e9fono\">Tel\u00e9fono<\/label><input name=\"phone\" type=\"tel\" placeholder=\"Tel\u00e9fono\" data-name=\"phone\" id=\"ff_1_3_phone\" inputmode=\"tel\"  aria-invalid='false' aria-required=true><label for='ff_1_3_message' aria-label=\"Mensaje\">Mensaje<\/label><textarea aria-invalid=\"false\" aria-required=true name=\"message\" id=\"ff_1_3_message\" placeholder=\"Mensaje\" rows=\"4\" cols=\"2\" data-name=\"message\" ><\/textarea><button type=\"submit\" >Enviar<\/button><\/fieldset>\n<\/form>\n","protected":false},"excerpt":{"rendered":"<p>C\u00f3digo de Red Estudios C\u00f3digo de Red El C\u00f3digo de Red establece los criterios t\u00e9cnicos que las instalaciones industriales deben cumplir para garantizar la estabilidad del Sistema El\u00e9ctrico Nacional. Su incumplimiento puede generar penalizaciones econ\u00f3micas y restricciones operativas. T\u00e9cnica Salgar acompa\u00f1a a las organizaciones desde el diagn\u00f3stico hasta la implementaci\u00f3n de soluciones que aseguran el [&hellip;]<\/p>\n","protected":false},"author":5,"featured_media":0,"parent":0,"menu_order":0,"comment_status":"closed","ping_status":"closed","template":"elementor_header_footer","meta":{"_acf_changed":false,"_yoast_wpseo_title":"%%title%% : Estudios Personalizados, Apego y Cumplimiento","_yoast_wpseo_metadesc":"","footnotes":""},"class_list":["post-2861","page","type-page","status-publish","hentry"],"acf":[],"yoast_head":"<!-- This site is optimized with the Yoast SEO Premium plugin v27.2 (Yoast SEO v27.3) - https:\/\/yoast.com\/product\/yoast-seo-premium-wordpress\/ -->\n<title>C\u00f3digo de Red : Estudios Personalizados, Apego y Cumplimiento<\/title>\n<meta name=\"robots\" content=\"noindex, follow, max-snippet:-1, max-image-preview:large, max-video-preview:-1\" \/>\n<meta property=\"og:locale\" content=\"es_MX\" \/>\n<meta property=\"og:type\" content=\"article\" \/>\n<meta property=\"og:title\" content=\"C\u00f3digo de Red\" \/>\n<meta property=\"og:description\" content=\"C\u00f3digo de Red Estudios C\u00f3digo de Red El C\u00f3digo de Red establece los criterios t\u00e9cnicos que las instalaciones industriales deben cumplir para garantizar la estabilidad del Sistema El\u00e9ctrico Nacional. Su incumplimiento puede generar penalizaciones econ\u00f3micas y restricciones operativas. T\u00e9cnica Salgar acompa\u00f1a a las organizaciones desde el diagn\u00f3stico hasta la implementaci\u00f3n de soluciones que aseguran el [&hellip;]\" \/>\n<meta property=\"og:url\" content=\"https:\/\/salgar.com\/desarrollo\/codigo-de-red\/\" \/>\n<meta property=\"og:site_name\" content=\"Salgar\" \/>\n<meta property=\"article:publisher\" content=\"https:\/\/www.facebook.com\/tecnicasalgarmx\/?locale=es_LA\" \/>\n<meta property=\"article:modified_time\" content=\"2026-04-09T20:33:21+00:00\" \/>\n<meta property=\"og:image\" content=\"https:\/\/salgar.com\/desarrollo\/wp-content\/uploads\/2026\/02\/codigo-de-red.jpg\" \/>\n<meta name=\"twitter:card\" content=\"summary_large_image\" \/>\n<meta name=\"twitter:label1\" content=\"Tiempo de lectura\" \/>\n\t<meta name=\"twitter:data1\" content=\"1 minuto\" \/>\n<script type=\"application\/ld+json\" class=\"yoast-schema-graph\">{\"@context\":\"https:\\\/\\\/schema.org\",\"@graph\":[{\"@type\":\"WebPage\",\"@id\":\"https:\\\/\\\/salgar.com\\\/desarrollo\\\/codigo-de-red\\\/\",\"url\":\"https:\\\/\\\/salgar.com\\\/desarrollo\\\/codigo-de-red\\\/\",\"name\":\"C\u00f3digo de Red : Estudios Personalizados, Apego y Cumplimiento\",\"isPartOf\":{\"@id\":\"https:\\\/\\\/salgar.com\\\/desarrollo\\\/#website\"},\"primaryImageOfPage\":{\"@id\":\"https:\\\/\\\/salgar.com\\\/desarrollo\\\/codigo-de-red\\\/#primaryimage\"},\"image\":{\"@id\":\"https:\\\/\\\/salgar.com\\\/desarrollo\\\/codigo-de-red\\\/#primaryimage\"},\"thumbnailUrl\":\"https:\\\/\\\/salgar.com\\\/desarrollo\\\/wp-content\\\/uploads\\\/2026\\\/02\\\/codigo-de-red.jpg\",\"datePublished\":\"2026-02-24T23:06:53+00:00\",\"dateModified\":\"2026-04-09T20:33:21+00:00\",\"breadcrumb\":{\"@id\":\"https:\\\/\\\/salgar.com\\\/desarrollo\\\/codigo-de-red\\\/#breadcrumb\"},\"inLanguage\":\"es\",\"potentialAction\":[{\"@type\":\"ReadAction\",\"target\":[\"https:\\\/\\\/salgar.com\\\/desarrollo\\\/codigo-de-red\\\/\"]}]},{\"@type\":\"ImageObject\",\"inLanguage\":\"es\",\"@id\":\"https:\\\/\\\/salgar.com\\\/desarrollo\\\/codigo-de-red\\\/#primaryimage\",\"url\":\"https:\\\/\\\/salgar.com\\\/desarrollo\\\/wp-content\\\/uploads\\\/2026\\\/02\\\/codigo-de-red.jpg\",\"contentUrl\":\"https:\\\/\\\/salgar.com\\\/desarrollo\\\/wp-content\\\/uploads\\\/2026\\\/02\\\/codigo-de-red.jpg\",\"width\":450,\"height\":472},{\"@type\":\"BreadcrumbList\",\"@id\":\"https:\\\/\\\/salgar.com\\\/desarrollo\\\/codigo-de-red\\\/#breadcrumb\",\"itemListElement\":[{\"@type\":\"ListItem\",\"position\":1,\"name\":\"Inicio\",\"item\":\"https:\\\/\\\/salgar.com\\\/desarrollo\\\/\"},{\"@type\":\"ListItem\",\"position\":2,\"name\":\"C\u00f3digo de Red\"}]},{\"@type\":\"WebSite\",\"@id\":\"https:\\\/\\\/salgar.com\\\/desarrollo\\\/#website\",\"url\":\"https:\\\/\\\/salgar.com\\\/desarrollo\\\/\",\"name\":\"Tecnica Salgar\",\"description\":\"Ahorro de energ\u00eda y optimizaci\u00f3n de procesos industriales\",\"publisher\":{\"@id\":\"https:\\\/\\\/salgar.com\\\/desarrollo\\\/#organization\"},\"alternateName\":\"T\u00e9cnica Salgar\",\"potentialAction\":[{\"@type\":\"SearchAction\",\"target\":{\"@type\":\"EntryPoint\",\"urlTemplate\":\"https:\\\/\\\/salgar.com\\\/desarrollo\\\/?s={search_term_string}\"},\"query-input\":{\"@type\":\"PropertyValueSpecification\",\"valueRequired\":true,\"valueName\":\"search_term_string\"}}],\"inLanguage\":\"es\"}]}<\/script>\n<!-- \/ Yoast SEO Premium plugin. -->","yoast_head_json":{"title":"C\u00f3digo de Red : Estudios Personalizados, Apego y Cumplimiento","robots":{"index":"noindex","follow":"follow","max-snippet":"max-snippet:-1","max-image-preview":"max-image-preview:large","max-video-preview":"max-video-preview:-1"},"og_locale":"es_MX","og_type":"article","og_title":"C\u00f3digo de Red","og_description":"C\u00f3digo de Red Estudios C\u00f3digo de Red El C\u00f3digo de Red establece los criterios t\u00e9cnicos que las instalaciones industriales deben cumplir para garantizar la estabilidad del Sistema El\u00e9ctrico Nacional. Su incumplimiento puede generar penalizaciones econ\u00f3micas y restricciones operativas. T\u00e9cnica Salgar acompa\u00f1a a las organizaciones desde el diagn\u00f3stico hasta la implementaci\u00f3n de soluciones que aseguran el [&hellip;]","og_url":"https:\/\/salgar.com\/desarrollo\/codigo-de-red\/","og_site_name":"Salgar","article_publisher":"https:\/\/www.facebook.com\/tecnicasalgarmx\/?locale=es_LA","article_modified_time":"2026-04-09T20:33:21+00:00","og_image":[{"url":"https:\/\/salgar.com\/desarrollo\/wp-content\/uploads\/2026\/02\/codigo-de-red.jpg","type":"","width":"","height":""}],"twitter_card":"summary_large_image","twitter_misc":{"Tiempo de lectura":"1 minuto"},"schema":{"@context":"https:\/\/schema.org","@graph":[{"@type":"WebPage","@id":"https:\/\/salgar.com\/desarrollo\/codigo-de-red\/","url":"https:\/\/salgar.com\/desarrollo\/codigo-de-red\/","name":"C\u00f3digo de Red : Estudios Personalizados, Apego y Cumplimiento","isPartOf":{"@id":"https:\/\/salgar.com\/desarrollo\/#website"},"primaryImageOfPage":{"@id":"https:\/\/salgar.com\/desarrollo\/codigo-de-red\/#primaryimage"},"image":{"@id":"https:\/\/salgar.com\/desarrollo\/codigo-de-red\/#primaryimage"},"thumbnailUrl":"https:\/\/salgar.com\/desarrollo\/wp-content\/uploads\/2026\/02\/codigo-de-red.jpg","datePublished":"2026-02-24T23:06:53+00:00","dateModified":"2026-04-09T20:33:21+00:00","breadcrumb":{"@id":"https:\/\/salgar.com\/desarrollo\/codigo-de-red\/#breadcrumb"},"inLanguage":"es","potentialAction":[{"@type":"ReadAction","target":["https:\/\/salgar.com\/desarrollo\/codigo-de-red\/"]}]},{"@type":"ImageObject","inLanguage":"es","@id":"https:\/\/salgar.com\/desarrollo\/codigo-de-red\/#primaryimage","url":"https:\/\/salgar.com\/desarrollo\/wp-content\/uploads\/2026\/02\/codigo-de-red.jpg","contentUrl":"https:\/\/salgar.com\/desarrollo\/wp-content\/uploads\/2026\/02\/codigo-de-red.jpg","width":450,"height":472},{"@type":"BreadcrumbList","@id":"https:\/\/salgar.com\/desarrollo\/codigo-de-red\/#breadcrumb","itemListElement":[{"@type":"ListItem","position":1,"name":"Inicio","item":"https:\/\/salgar.com\/desarrollo\/"},{"@type":"ListItem","position":2,"name":"C\u00f3digo de Red"}]},{"@type":"WebSite","@id":"https:\/\/salgar.com\/desarrollo\/#website","url":"https:\/\/salgar.com\/desarrollo\/","name":"Tecnica Salgar","description":"Ahorro de energ\u00eda y optimizaci\u00f3n de procesos industriales","publisher":{"@id":"https:\/\/salgar.com\/desarrollo\/#organization"},"alternateName":"T\u00e9cnica Salgar","potentialAction":[{"@type":"SearchAction","target":{"@type":"EntryPoint","urlTemplate":"https:\/\/salgar.com\/desarrollo\/?s={search_term_string}"},"query-input":{"@type":"PropertyValueSpecification","valueRequired":true,"valueName":"search_term_string"}}],"inLanguage":"es"}]}},"_links":{"self":[{"href":"https:\/\/salgar.com\/desarrollo\/wp-json\/wp\/v2\/pages\/2861","targetHints":{"allow":["GET"]}}],"collection":[{"href":"https:\/\/salgar.com\/desarrollo\/wp-json\/wp\/v2\/pages"}],"about":[{"href":"https:\/\/salgar.com\/desarrollo\/wp-json\/wp\/v2\/types\/page"}],"author":[{"embeddable":true,"href":"https:\/\/salgar.com\/desarrollo\/wp-json\/wp\/v2\/users\/5"}],"replies":[{"embeddable":true,"href":"https:\/\/salgar.com\/desarrollo\/wp-json\/wp\/v2\/comments?post=2861"}],"version-history":[{"count":7,"href":"https:\/\/salgar.com\/desarrollo\/wp-json\/wp\/v2\/pages\/2861\/revisions"}],"predecessor-version":[{"id":2877,"href":"https:\/\/salgar.com\/desarrollo\/wp-json\/wp\/v2\/pages\/2861\/revisions\/2877"}],"wp:attachment":[{"href":"https:\/\/salgar.com\/desarrollo\/wp-json\/wp\/v2\/media?parent=2861"}],"curies":[{"name":"wp","href":"https:\/\/api.w.org\/{rel}","templated":true}]}}