{"id":1811,"date":"2024-12-27T10:26:59","date_gmt":"2024-12-27T16:26:59","guid":{"rendered":"https:\/\/salgar.com\/desarrollo\/?page_id=1811"},"modified":"2024-12-27T10:36:28","modified_gmt":"2024-12-27T16:36:28","slug":"politica-de-privacidad","status":"publish","type":"page","link":"https:\/\/salgar.com\/desarrollo\/politica-de-privacidad\/","title":{"rendered":"Pol\u00edtica de privacidad"},"content":{"rendered":"\t\t<div data-elementor-type=\"wp-page\" data-elementor-id=\"1811\" class=\"elementor elementor-1811\" data-elementor-post-type=\"page\">\n\t\t\t\t<div data-particle_enable=\"false\" data-particle-mobile-disabled=\"false\" class=\"elementor-element elementor-element-34eb723 e-flex e-con-boxed e-con e-parent\" data-id=\"34eb723\" data-element_type=\"container\" data-e-type=\"container\">\n\t\t\t\t\t<div class=\"e-con-inner\">\n\t\t\t\t<div class=\"elementor-element elementor-element-e2cb8ef elementor-widget elementor-widget-heading\" data-id=\"e2cb8ef\" data-element_type=\"widget\" data-e-type=\"widget\" data-widget_type=\"heading.default\">\n\t\t\t\t<div class=\"elementor-widget-container\">\n\t\t\t\t\t<h2 class=\"elementor-heading-title elementor-size-default\">AVISO DE PRIVACIDAD <\/h2>\t\t\t\t<\/div>\n\t\t\t\t<\/div>\n\t\t\t\t<div class=\"elementor-element elementor-element-942db7e elementor-widget elementor-widget-spacer\" data-id=\"942db7e\" data-element_type=\"widget\" data-e-type=\"widget\" data-widget_type=\"spacer.default\">\n\t\t\t\t<div class=\"elementor-widget-container\">\n\t\t\t\t\t\t\t<div class=\"elementor-spacer\">\n\t\t\t<div class=\"elementor-spacer-inner\"><\/div>\n\t\t<\/div>\n\t\t\t\t\t\t<\/div>\n\t\t\t\t<\/div>\n\t\t\t\t<div class=\"elementor-element elementor-element-86895c1 elementor-widget elementor-widget-text-editor\" data-id=\"86895c1\" data-element_type=\"widget\" data-e-type=\"widget\" data-widget_type=\"text-editor.default\">\n\t\t\t\t<div class=\"elementor-widget-container\">\n\t\t\t\t\t\t\t\t\t<p><strong style=\"text-align: var(--text-align);\">SOBRE ESTE AVISO DE PRIVACIDAD<\/strong><\/p><p>Somos la marca T\u00e9cnica Salgar S.A. de C.V.\u00a0(\u201cSalgar\u201d, \u201cnosotros\u201d, \u201cnuestro\u201d o \u201cnuestros\u201d). Nosotros creamos este Aviso de Privacidad para informarle c\u00f3mo recolectamos, utilizamos y revelamos su informaci\u00f3n identificable personal (\u201cinformaci\u00f3n personal\u201d) que obtenemos de usted. Este Aviso de Privacidad no es aplicable, sin embargo, a nuestros empleados, solicitantes de empleo, proveedores, distribuidores o contactos comerciales salvo cuando act\u00faen en su car\u00e1cter de \u201ccliente\u201d.<\/p><p>Mientras que nuestro sitio web, u otros materiales podr\u00e1n incluir enlaces o referencias a sitios web, p\u00e1ginas, materiales o entidades que no pertenecen a Salgar, este Aviso de Privacidad no es aplicable a dichos sitios, p\u00e1ginas, materiales o entidades, a menos de que se indique lo contrario.<\/p><p>Deber\u00e1 leer este Aviso de Privacidad en su totalidad previo a enviarnos informaci\u00f3n o utilizar nuestro sitio web. Siempre que nos env\u00ede informaci\u00f3n a trav\u00e9s de nuestro sitio web o de cualquier forma, ya sea en l\u00ednea o fuera de l\u00ednea, usted consiente a la recolecci\u00f3n, uso y revelaci\u00f3n de esta informaci\u00f3n de conformidad este Aviso de Privacidad. Si usted no est\u00e1 de acuerdo con este Aviso de Privacidad en su totalidad, usted no deber\u00e1 utilizar este sitio web.<\/p><p><strong>P\u00daBLICO OBJETIVO DEL SITIO WEB<\/strong><\/p><p>En virtud de la naturaleza de nuestro negocio, el p\u00fablico objetivo de nuestro sitio web son individuos mayores de edad, con edad legal para consumir bebidas alcoh\u00f3licas. Como resultado de lo anterior, nuestro sitio web no solicita o recopila con conocimiento datos personales de personas menores de 18 a\u00f1os. Si usted no tiene 18 a\u00f1os o m\u00e1s de edad, usted no deber\u00eda visitar nuestro sitio web.<\/p><p><strong>RECOPILACI\u00d3N Y USO DE INFORMACI\u00d3N<\/strong><\/p><p>Podemos recopilar datos personales de clientes tanto en l\u00ednea como fuera de l\u00ednea. Los datos personales que recopilamos de los usuarios incluyen:<\/p><ol><li>La informaci\u00f3n de contacto, incluyendo nombre, t\u00edtulo, direcci\u00f3n de la calle (casa, trabajo, facturaci\u00f3n, env\u00edo), c\u00f3digo postal, pa\u00eds, n\u00famero de tel\u00e9fono (casa, trabajo, celular), direcci\u00f3n de correo electr\u00f3nico (casa, trabajo) y fecha de nacimiento.<\/li><li>La informaci\u00f3n de autenticaci\u00f3n, incluyendo los ID de usuario para acceder al sistema nombres, contrase\u00f1as, recordatorios de contrase\u00f1as.<\/li><li>la informaci\u00f3n transaccional incluye informaci\u00f3n acerca de los servicios prestados en el sitio web, y c\u00f3mo interact\u00faas con nosotros y el sitio web (por ejemplo a trav\u00e9s de correo electr\u00f3nico, p\u00e1gina web, o por tel\u00e9fono).<\/li><li>Informaci\u00f3n de facturaci\u00f3n incluye la informaci\u00f3n de facturaci\u00f3n, tales como nombre y direcci\u00f3n, y un n\u00famero de tarjeta de d\u00e9bito\/cr\u00e9dito, incluyendo el n\u00famero de seguridad de la tarjeta y la fecha de la tarjeta de cr\u00e9dito de la espiraci\u00f3n.<\/li><\/ol><p>En l\u00ednea, podemos recopilar informaci\u00f3n a trav\u00e9s de nuestro sitio web, un sitio web afiliado (como un micrositio promocional vinculado a nuestro sitio), nuestra p\u00e1gina en un sitio web de la comunidad o por v\u00edas similares en l\u00ednea. En muchas ocasiones, dicha informaci\u00f3n ser\u00e1 obtenida directamente de usted, tal como en una operaci\u00f3n o solicitud (incluyendo v\u00eda telef\u00f3nica) o la presentaci\u00f3n de un formulario, registro o comunicaci\u00f3n con nosotros. Tambi\u00e9n podremos combinar esto con informaci\u00f3n sobre Usted que hayamos obtenido legalmente de otras fuentes tales como proveedores de listas de registros y nuestros afiliados.<\/p><p>Conforme usted utilice nuestro sitio web, alguna informaci\u00f3n puede ser \u201cpasivamente\u201d recopilada utilizando diversas tecnolog\u00edas como cookies, contadores de visitas y recopilaci\u00f3n de datos de navegaci\u00f3n (clickstream, archivos de registro, registros de servidor). Su navegador de Internet autom\u00e1ticamente transmite alguna de esta informaci\u00f3n, como por ejemplo la direcci\u00f3n URL del sitio web que usted acaba de visitar y la direcci\u00f3n del Protocolo de Internet (IP) y versi\u00f3n de navegador que actualmente utiliza su computadora. Sujeto a su consentimiento, dichas tecnolog\u00edas nos apoyan para mantener un registro de su interacci\u00f3n con nuestro sitio web y\/o P\u00e1gina y le otorga una experiencia m\u00e1s personalizada. Para mayor informaci\u00f3n sobre nuestro uso de cookies y tecnolog\u00eda similar y su derecho de consentir a este uso y subsecuentemente retirar tal consentimiento [seleccione aqu\u00ed \u2013 enlace a la Pol\u00edtica de Cookies].<\/p><p>Utilizamos datos personales de los usuarios para un amplio rango de fines. Dependiendo de sus preferencias, podemos utilizarlos (i) para responder a sus solicitudes (incluyendo preguntas, comentarios, solicitudes de suscripciones a boletines, materiales, cupones\/rebajas\/descuentos, etc.); (ii) para invitarlo a participar en una gama de eventos en l\u00ednea y fuera de l\u00ednea, actividades y\/o clubs; (iii) para mejorar nuestros productos, servicios y sitios web; (iv) para darle seguimiento con usted despu\u00e9s de que usted se comunic\u00f3 con nosotros o de que nos present\u00f3 informaci\u00f3n; (v) para enviar comunicaciones promocionales u ofertas; (vi) para mercadeo, investigaciones; (vi) fines legales; y (vii) grabaciones de centros de llamadas). Si usted as\u00ed lo desea, podemos utilizarlo para permitirle participar en y de otra forma administrar promociones y concursos; y de cualquier otra forma especificada en este Aviso de Privacidad y\/o en el punto de recopilaci\u00f3n de datos personales.<\/p><p>Los fines descritos en los numerales ii), iii) y v) a los que se hace referencia arriba no son necesarios para mantener la relaci\u00f3n jur\u00eddica que tenemos con usted. Por lo tantro en cualquier momento puede usted manifestar su decisi\u00f3n de oponerse al tratamiento de sus datos para estos fines o revocar el consentimiento que fue otorgado anteriormente, mediante el env\u00edo de un correo electr\u00f3nico al\u00a0<a href=\"mailto:ventas@salgar.com\">ventas@salgar.com<\/a>\u00a0.<\/p><p>En algunos casos, trabajamos con empresas para recopilar informaci\u00f3n de usted o ayudarnos a comunicarnos con usted. Previo aviso y su consentimiento, podr\u00edamos revelar informaci\u00f3n personal que usted nos ha proporcionado y a estas empresas que han acordado mantener la informaci\u00f3n confidencial y utilizarla \u00fanicamente para prestar el(los) servicio(s) correspondiente(s).<\/p><p>De conformidad con las preferencias que usted ha expresado, podemos revelar sus datos personales a nuestras afiliadas o marcas relacionadas, o a terceros que trabajan en nombre de estas afiliadas o marcas relacionadas, para permitirles comercializar sus productos y servicios con usted.<\/p><p>Si un tercero adquiere todo (o substancialmente todo) nuestro negocio y\/o activos, podremos divulgar su informaci\u00f3n personal a dicho tercero en relaci\u00f3n con la adquisic\u00f3n. Tambi\u00e9n podremos divulgar su informaci\u00f3n personal cuando se requiere por la ley aplicable, por una agencia gubernamental o por cualquier autoridad competente.<\/p><p>Los receptores de su informaci\u00f3n personal podr\u00e1 localizarse en los Estados Unidos o en otras jurisdicciones que tal vez no provean el nivel de protecci\u00f3n equivalente a las leyes en su jurisdicci\u00f3n. Al enviarnos datos personales, usted consiente en la transferencia de dichos datos personales fuera de su jurisdicci\u00f3n.<\/p><p>Podemos hacer uso total de toda la informaci\u00f3n que no sea identificable o no tenga un formato para ser personalmente identificable.<\/p><p><strong>SEGURIDAD<\/strong><\/p><p>Tomamos las medidas apropiadas para proteger los datos personales de p\u00e9rdidas, uso indebido y acceso no autorizado, revelaci\u00f3n, alteraci\u00f3n o destrucci\u00f3n, ya sea en la transmisi\u00f3n o almacenamiento. No obstante, favor de tomar en cuenta que no existe tal cosa como seguridad total, y ninguna transferencia realizada en Internet se puede considerar completamente segura o libre de errores.<\/p><p><strong>ES SU DECISI\u00d3N: PREFERENCIAS DE CONTACTO<\/strong><\/p><p>Le ofrecemos opciones para limitar la forma en que usamos o divulgamos sus datos personales. Queremos seguir en contacto con usted en las formas que usted encuentre que le son provechosas. Por lo tanto, antes de contactarlo con fines de promoci\u00f3n, vamos a ofrecer un mecanismo que le permite expresar su negativa a recibir este tipo de comunicaciones. Usted tambi\u00e9n nos puede indicar su preferencia m\u00e1s adelante contact\u00e1ndonos seg\u00fan lo especificado en la secci\u00f3n siguiente de \u201cCont\u00e1ctenos\u201d, o siguiendo las instrucciones incluidas en varias de las comunicaciones que podamos enviarle. Favor de tomar en cuenta que estas preferencias con relaci\u00f3n al contacto promocional no significa que no podamos contactarlo para otros fines, tales como aquellos relacionados con alguna orden que usted realice, alg\u00fan bolet\u00edn al cual usted se suscriba, alguna membres\u00eda que usted obtenga, alg\u00fan evento al cual usted se registre, alguna notificaci\u00f3n legal, y as\u00ed sucesivamente.<\/p><p><strong>SOLICITUDES Y CORRECCIONES DE USUARIO O PREGUNTAS RELACIONADAS CON LA INFORMACI\u00d3N DEL USUARIO<\/strong><\/p><p>Si su nombre, correo electr\u00f3nico, direcci\u00f3n postal, n\u00famero telef\u00f3nico o cualquier otra informaci\u00f3n de contacto cambia, usted puede realizar dichos cambios en su informaci\u00f3n o cuenta. Si usted tiene alguna solicitud o pregunta en relaci\u00f3n con dicha informaci\u00f3n, incluyendo el uso por nuestras afiliadas para fines de mercadeo, usted puede enviarnos un correo electr\u00f3nico seg\u00fan lo indicado en la secci\u00f3n de \u201cCont\u00e1ctenos\u201d. Previa recepci\u00f3n de una solicitud de usted, tomaremos los pasos necesarios para actualizar o corregir su informaci\u00f3n.<\/p><p>Usted tiene los derechos para acceder, corregir y solicitar la eliminaci\u00f3n de sus datos personales de conformidad con la ley aplicable. Usted tambi\u00e9n tiene derecho a oponerse a ciertas pr\u00e1cticas de procesamiento de datos o a revocar su consentimiento previamente otorgado, en la medida permitida por la ley.<\/p><p>En caso de que tenga cualquier pregunta o inquietud en relaci\u00f3n con la forma en que manejamos sus datos personales o si desea ejercer sus derechos mencionados anteriormente, o realizar cualquier otro tipo de solicitud, favor de contactarnos de conformidad con la secci\u00f3n \u201cCont\u00e1ctenos\u201d. Le informaremos sobre: (i) la informaci\u00f3n que se le solicitar\u00e1 (en su caso) a usted o a su representante legal y la documentaci\u00f3n que pueda requerir adjuntar a su solicitud; (ii) tiempo para recibir una respuesta de nuestra parte en relaci\u00f3n con cualquier solicitud; (iii) formas y plantillas disponibles para presentar su solicitud (en su caso); y (iv) c\u00f3mo le proporcionaremos a usted la informaci\u00f3n (que normalmente consistir\u00e1 en copias de documentos o mensajes de datos).<\/p><p>Nos reservamos el derecho de conservar cualquier informaci\u00f3n razonablemente necesaria para documentar de manera adecuada nuestras actividades de negocio y para fines de archivo y mantenimiento de registros necesarios para los fines descritos en este Aviso de Privacidad.<\/p><p><strong>CONT\u00c1CTENOS<\/strong><\/p><p>Si tiene preguntas o inquietudes relacionadas con este Aviso de Privacidad o nuestras pr\u00e1cticas de informaci\u00f3n, quisiera actualizar o corregir informaci\u00f3n que ha proporcionado o quisiera desinscribirse de nuestras comunicaciones promocionales, favor de contactarnos en:<\/p><p>Atenci\u00f3n: Relaciones con el Consumidor<br \/><a href=\"mailto:ventas@salgar.com\">ventas@salgar.com<\/a><\/p><p><strong>CAMBIOS A ESTA POL\u00cdTICA DE PRIVACIDAD<\/strong><\/p><p>Si este Aviso de Privacidad sufre modificaciones, la pol\u00edtica modificada tendr\u00e1 una nueva fecha de entrada en vigor y se publicar\u00e1 en esta p\u00e1gina. Aseg\u00farese de verificar regularmente para mantenerse actualizado sobre este Aviso de Privacidad. La fecha de entrada en vigor de este Aviso de Privacidad es\u00a0Octubre<b>\u00a0<\/b>2016.<\/p>\t\t\t\t\t\t\t\t<\/div>\n\t\t\t\t<\/div>\n\t\t\t\t\t<\/div>\n\t\t\t\t<\/div>\n\t\t\t\t<\/div>\n\t\t","protected":false},"excerpt":{"rendered":"<p>AVISO DE PRIVACIDAD SOBRE ESTE AVISO DE PRIVACIDAD Somos la marca T\u00e9cnica Salgar S.A. de C.V.\u00a0(\u201cSalgar\u201d, \u201cnosotros\u201d, \u201cnuestro\u201d o \u201cnuestros\u201d). Nosotros creamos este Aviso de Privacidad para informarle c\u00f3mo recolectamos, utilizamos y revelamos su informaci\u00f3n identificable personal (\u201cinformaci\u00f3n personal\u201d) que obtenemos de usted. Este Aviso de Privacidad no es aplicable, sin embargo, a nuestros empleados, [&hellip;]<\/p>\n","protected":false},"author":1,"featured_media":0,"parent":0,"menu_order":0,"comment_status":"closed","ping_status":"closed","template":"elementor_header_footer","meta":{"_acf_changed":false,"_yoast_wpseo_title":"","_yoast_wpseo_metadesc":"","footnotes":""},"class_list":["post-1811","page","type-page","status-publish","hentry"],"acf":[],"yoast_head":"<!-- This site is optimized with the Yoast SEO Premium plugin v27.2 (Yoast SEO v27.3) - https:\/\/yoast.com\/product\/yoast-seo-premium-wordpress\/ -->\n<title>Pol\u00edtica de privacidad &#8211; Tecnica Salgar<\/title>\n<meta name=\"robots\" content=\"noindex, follow, max-snippet:-1, max-image-preview:large, max-video-preview:-1\" \/>\n<meta property=\"og:locale\" content=\"es_MX\" \/>\n<meta property=\"og:type\" content=\"article\" \/>\n<meta property=\"og:title\" content=\"Pol\u00edtica de privacidad\" \/>\n<meta property=\"og:description\" content=\"AVISO DE PRIVACIDAD SOBRE ESTE AVISO DE PRIVACIDAD Somos la marca T\u00e9cnica Salgar S.A. de C.V.\u00a0(\u201cSalgar\u201d, \u201cnosotros\u201d, \u201cnuestro\u201d o \u201cnuestros\u201d). Nosotros creamos este Aviso de Privacidad para informarle c\u00f3mo recolectamos, utilizamos y revelamos su informaci\u00f3n identificable personal (\u201cinformaci\u00f3n personal\u201d) que obtenemos de usted. Este Aviso de Privacidad no es aplicable, sin embargo, a nuestros empleados, [&hellip;]\" \/>\n<meta property=\"og:url\" content=\"https:\/\/salgar.com\/desarrollo\/politica-de-privacidad\/\" \/>\n<meta property=\"og:site_name\" content=\"Salgar\" \/>\n<meta property=\"article:publisher\" content=\"https:\/\/www.facebook.com\/tecnicasalgarmx\/?locale=es_LA\" \/>\n<meta property=\"article:modified_time\" content=\"2024-12-27T16:36:28+00:00\" \/>\n<meta property=\"og:image\" content=\"https:\/\/salgar.com\/desarrollo\/wp-content\/uploads\/2025\/05\/Captura.png\" \/>\n\t<meta property=\"og:image:width\" content=\"1203\" \/>\n\t<meta property=\"og:image:height\" content=\"622\" \/>\n\t<meta property=\"og:image:type\" content=\"image\/png\" \/>\n<meta name=\"twitter:card\" content=\"summary_large_image\" \/>\n<meta name=\"twitter:label1\" content=\"Tiempo de lectura\" \/>\n\t<meta name=\"twitter:data1\" content=\"9 minutos\" \/>\n<script type=\"application\/ld+json\" class=\"yoast-schema-graph\">{\"@context\":\"https:\\\/\\\/schema.org\",\"@graph\":[{\"@type\":\"WebPage\",\"@id\":\"https:\\\/\\\/salgar.com\\\/desarrollo\\\/politica-de-privacidad\\\/\",\"url\":\"https:\\\/\\\/salgar.com\\\/desarrollo\\\/politica-de-privacidad\\\/\",\"name\":\"Pol\u00edtica de privacidad &#8211; Tecnica Salgar\",\"isPartOf\":{\"@id\":\"https:\\\/\\\/salgar.com\\\/desarrollo\\\/#website\"},\"datePublished\":\"2024-12-27T16:26:59+00:00\",\"dateModified\":\"2024-12-27T16:36:28+00:00\",\"breadcrumb\":{\"@id\":\"https:\\\/\\\/salgar.com\\\/desarrollo\\\/politica-de-privacidad\\\/#breadcrumb\"},\"inLanguage\":\"es\",\"potentialAction\":[{\"@type\":\"ReadAction\",\"target\":[\"https:\\\/\\\/salgar.com\\\/desarrollo\\\/politica-de-privacidad\\\/\"]}]},{\"@type\":\"BreadcrumbList\",\"@id\":\"https:\\\/\\\/salgar.com\\\/desarrollo\\\/politica-de-privacidad\\\/#breadcrumb\",\"itemListElement\":[{\"@type\":\"ListItem\",\"position\":1,\"name\":\"Inicio\",\"item\":\"https:\\\/\\\/salgar.com\\\/desarrollo\\\/\"},{\"@type\":\"ListItem\",\"position\":2,\"name\":\"Pol\u00edtica de privacidad\"}]},{\"@type\":\"WebSite\",\"@id\":\"https:\\\/\\\/salgar.com\\\/desarrollo\\\/#website\",\"url\":\"https:\\\/\\\/salgar.com\\\/desarrollo\\\/\",\"name\":\"Tecnica Salgar\",\"description\":\"Ahorro de energ\u00eda y optimizaci\u00f3n de procesos industriales\",\"publisher\":{\"@id\":\"https:\\\/\\\/salgar.com\\\/desarrollo\\\/#organization\"},\"alternateName\":\"T\u00e9cnica Salgar\",\"potentialAction\":[{\"@type\":\"SearchAction\",\"target\":{\"@type\":\"EntryPoint\",\"urlTemplate\":\"https:\\\/\\\/salgar.com\\\/desarrollo\\\/?s={search_term_string}\"},\"query-input\":{\"@type\":\"PropertyValueSpecification\",\"valueRequired\":true,\"valueName\":\"search_term_string\"}}],\"inLanguage\":\"es\"}]}<\/script>\n<!-- \/ Yoast SEO Premium plugin. -->","yoast_head_json":{"title":"Pol\u00edtica de privacidad &#8211; Tecnica Salgar","robots":{"index":"noindex","follow":"follow","max-snippet":"max-snippet:-1","max-image-preview":"max-image-preview:large","max-video-preview":"max-video-preview:-1"},"og_locale":"es_MX","og_type":"article","og_title":"Pol\u00edtica de privacidad","og_description":"AVISO DE PRIVACIDAD SOBRE ESTE AVISO DE PRIVACIDAD Somos la marca T\u00e9cnica Salgar S.A. de C.V.\u00a0(\u201cSalgar\u201d, \u201cnosotros\u201d, \u201cnuestro\u201d o \u201cnuestros\u201d). Nosotros creamos este Aviso de Privacidad para informarle c\u00f3mo recolectamos, utilizamos y revelamos su informaci\u00f3n identificable personal (\u201cinformaci\u00f3n personal\u201d) que obtenemos de usted. Este Aviso de Privacidad no es aplicable, sin embargo, a nuestros empleados, [&hellip;]","og_url":"https:\/\/salgar.com\/desarrollo\/politica-de-privacidad\/","og_site_name":"Salgar","article_publisher":"https:\/\/www.facebook.com\/tecnicasalgarmx\/?locale=es_LA","article_modified_time":"2024-12-27T16:36:28+00:00","og_image":[{"width":1203,"height":622,"url":"https:\/\/salgar.com\/desarrollo\/wp-content\/uploads\/2025\/05\/Captura.png","type":"image\/png"}],"twitter_card":"summary_large_image","twitter_misc":{"Tiempo de lectura":"9 minutos"},"schema":{"@context":"https:\/\/schema.org","@graph":[{"@type":"WebPage","@id":"https:\/\/salgar.com\/desarrollo\/politica-de-privacidad\/","url":"https:\/\/salgar.com\/desarrollo\/politica-de-privacidad\/","name":"Pol\u00edtica de privacidad &#8211; Tecnica Salgar","isPartOf":{"@id":"https:\/\/salgar.com\/desarrollo\/#website"},"datePublished":"2024-12-27T16:26:59+00:00","dateModified":"2024-12-27T16:36:28+00:00","breadcrumb":{"@id":"https:\/\/salgar.com\/desarrollo\/politica-de-privacidad\/#breadcrumb"},"inLanguage":"es","potentialAction":[{"@type":"ReadAction","target":["https:\/\/salgar.com\/desarrollo\/politica-de-privacidad\/"]}]},{"@type":"BreadcrumbList","@id":"https:\/\/salgar.com\/desarrollo\/politica-de-privacidad\/#breadcrumb","itemListElement":[{"@type":"ListItem","position":1,"name":"Inicio","item":"https:\/\/salgar.com\/desarrollo\/"},{"@type":"ListItem","position":2,"name":"Pol\u00edtica de privacidad"}]},{"@type":"WebSite","@id":"https:\/\/salgar.com\/desarrollo\/#website","url":"https:\/\/salgar.com\/desarrollo\/","name":"Tecnica Salgar","description":"Ahorro de energ\u00eda y optimizaci\u00f3n de procesos industriales","publisher":{"@id":"https:\/\/salgar.com\/desarrollo\/#organization"},"alternateName":"T\u00e9cnica Salgar","potentialAction":[{"@type":"SearchAction","target":{"@type":"EntryPoint","urlTemplate":"https:\/\/salgar.com\/desarrollo\/?s={search_term_string}"},"query-input":{"@type":"PropertyValueSpecification","valueRequired":true,"valueName":"search_term_string"}}],"inLanguage":"es"}]}},"_links":{"self":[{"href":"https:\/\/salgar.com\/desarrollo\/wp-json\/wp\/v2\/pages\/1811","targetHints":{"allow":["GET"]}}],"collection":[{"href":"https:\/\/salgar.com\/desarrollo\/wp-json\/wp\/v2\/pages"}],"about":[{"href":"https:\/\/salgar.com\/desarrollo\/wp-json\/wp\/v2\/types\/page"}],"author":[{"embeddable":true,"href":"https:\/\/salgar.com\/desarrollo\/wp-json\/wp\/v2\/users\/1"}],"replies":[{"embeddable":true,"href":"https:\/\/salgar.com\/desarrollo\/wp-json\/wp\/v2\/comments?post=1811"}],"version-history":[{"count":5,"href":"https:\/\/salgar.com\/desarrollo\/wp-json\/wp\/v2\/pages\/1811\/revisions"}],"predecessor-version":[{"id":1817,"href":"https:\/\/salgar.com\/desarrollo\/wp-json\/wp\/v2\/pages\/1811\/revisions\/1817"}],"wp:attachment":[{"href":"https:\/\/salgar.com\/desarrollo\/wp-json\/wp\/v2\/media?parent=1811"}],"curies":[{"name":"wp","href":"https:\/\/api.w.org\/{rel}","templated":true}]}}