{"id":1701,"date":"2024-12-26T09:52:43","date_gmt":"2024-12-26T15:52:43","guid":{"rendered":"https:\/\/salgar.com\/desarrollo\/?page_id=1701"},"modified":"2025-03-14T11:02:36","modified_gmt":"2025-03-14T17:02:36","slug":"distribuidores-autorizados","status":"publish","type":"page","link":"https:\/\/salgar.com\/desarrollo\/distribuidores-autorizados\/","title":{"rendered":"Distribuidores Autorizados"},"content":{"rendered":"\t\t<div data-elementor-type=\"wp-page\" data-elementor-id=\"1701\" class=\"elementor elementor-1701\" data-elementor-post-type=\"page\">\n\t\t\t\t<div data-particle_enable=\"false\" data-particle-mobile-disabled=\"false\" class=\"elementor-element elementor-element-d3880c0 e-flex e-con-boxed e-con e-parent\" data-id=\"d3880c0\" data-element_type=\"container\" data-e-type=\"container\">\n\t\t\t\t\t<div class=\"e-con-inner\">\n\t\t\t\t<div class=\"elementor-element elementor-element-48cf0c7 elementor-widget elementor-widget-eael-advanced-data-table\" data-id=\"48cf0c7\" data-element_type=\"widget\" data-e-type=\"widget\" data-widget_type=\"eael-advanced-data-table.default\">\n\t\t\t\t<div class=\"elementor-widget-container\">\n\t\t\t\t\t<div class=\"ea-advanced-data-table-wrap\" data-id=\"48cf0c7\"><div class=\"ea-advanced-data-table-search-wrap ea-advanced-data-table-search-right\"><input type=\"search\" placeholder=\"Buscar\" class=\"ea-advanced-data-table-search\"><\/div><div class=\"ea-advanced-data-table-wrap-inner\">\n                <table class=\"ea-advanced-data-table ea-advanced-data-table-static ea-advanced-data-table-48cf0c7 ea-advanced-data-table-sortable ea-advanced-data-table-searchable\" data-id=\"48cf0c7\"><thead><tr><th><p>Raz\u00f3n Social<\/p><\/th><th><p>Localidad<\/p><\/th><th><p>Contacto<\/p><\/th><th><p>Tel\u00e9fonos<\/p><\/th><th><p>E-Mail<\/p><\/th><\/tr><\/thead><tbody><tr><td><p>URES INGENIER\u00cdA<\/p><\/td><td><p>HERMOSILLO, SONORA<\/p><\/td><td><p>ING. LEONARDO LLANO SOTELO<\/p><\/td><td><p>(662) 212 \u2013 3222<\/p><\/td><td><p>leonardo@uresing.com.mx<\/p><\/td><\/tr><tr><td><p>T\u00c9CNICA EL\u00c9CTRICA DEL PARRAL<\/p><\/td><td><p>TORRE\u00d3N, COAHUILA<\/p><\/td><td><p>ING. GUILLERMO L\u00d3PEZ REYES<\/p><\/td><td><p>(871) 792 \u2013 2322, (871) 731 \u2013 8941, (871) 792 \u2013 2563<\/p><\/td><td><p><span>guillermo.lopez@gtepsa.com<\/span><\/p><\/td><\/tr><tr><td><p>SISTEMAS EL\u00c9CTRICOS DE POTENCIA<\/p><\/td><td><p>MONTERREY, NUEVO LE\u00d3N<\/p><\/td><td><p>ING. FELIPE GUTI\u00c9RREZ<\/p><\/td><td><p>(81) 8126 \u2013 1800<\/p><\/td><td><p>fgutierrez@sepsa1.com.mx<\/p><\/td><\/tr><tr><td><p>SISTEMAS DE DISTRIBUCI\u00d3N DE ENERG\u00cdA<\/p><\/td><td><p>VILLAHERMOSA, TABASCO<\/p><\/td><td><p>ING. J. ANTONIO HARP ITURRIBARRIA<\/p><\/td><td><p>(993) 161 \u2013 0086<\/p><\/td><td><p>harping@prodigy.net.mx<\/p><\/td><\/tr><tr><td><p>SERVICIOS E INGENIER\u00cdA EL\u00c9CTRICA<\/p><\/td><td><p>TAMPICO, TAMAULIPAS<\/p><\/td><td><p>ING. JOS\u00c9 REYES&nbsp;ALVAREZ DEL ANGEL<\/p><\/td><td><p>(833) 396 \u2013 1820<\/p><\/td><td><p>josereal05@gmail.com<\/p><\/td><\/tr><tr><td><p>MACRODISTRIBUIDORA INDUSTRIAL<\/p><\/td><td><p>QUER\u00c9TARO, QRO.<\/p><\/td><td><p>ING. EDMUNDO CASTILLO BRASSEL<\/p><\/td><td><p>(442) 690 \u2013 2070<\/p><\/td><td><p>ecastillo@macro-mrj.com<\/p><\/td><\/tr><tr><td><p>KUANTEK SOLAR<\/p><\/td><td><p>CUERNAVACA, MOR.<\/p><\/td><td><p>ING. CARLOS DELGADO ACU\u00d1A<\/p><\/td><td><p>(777) 382 \u2013 0743<\/p><\/td><td><p>kuanteksolar@hotmail.com<\/p><\/td><\/tr><tr><td><p>INSTALTECNIC<\/p><\/td><td><p>CUERNAVACA, MOR.<\/p><\/td><td><p>ING. RENE VILLANUEVA G.<\/p><\/td><td><p>(777) 321 \u2013 2617<\/p><\/td><td><p>ventas@instaltecnic.com.mx<\/p><\/td><\/tr><tr><td><p>INNOVACIONES E INSTALACIONES EL\u00c9CTRICAS MR<\/p><\/td><td><p>EDO. M\u00c9XICO<\/p><\/td><td><p>ING. MARCO ANTONIO ROMO<\/p><\/td><td><p>(55) 5788 \u2013 2325, (55) 5788 \u2013 2168, (55) 5569 \u2013 2777<\/p><\/td><td><p>innovaciones@live.com.mx<\/p><\/td><\/tr><tr><td><p>INGENIER\u00cdA ENERG\u00c9TICA APLICADA<\/p><\/td><td><p>CDMX<\/p><\/td><td><p>ING. ISIDRO GARC\u00cdA Z\u00c1RATE<\/p><\/td><td><p>(55) 3743 \u2013 2012\t<\/p><\/td><td><p>ing.energetica@live.com<\/p><\/td><\/tr><tr><td><p>HERU PRESICI\u00d3N EXACTA<\/p><\/td><td><p>CELAYA, GUANAJUATO<\/p><\/td><td><p>ING. SALVADOR HERN\u00c1NDEZ<\/p><\/td><td><p>(461) 613 \u2013 5043\t<\/p><\/td><td><p>salvador@heru.com.mx<\/p><\/td><\/tr><tr><td><p>GRUPO ZENER<\/p><\/td><td><p>CD. MADERO, TAMAULIPAS<\/p><\/td><td><p>ING. JES\u00daS DUR\u00d3N<\/p><\/td><td><p>(833) 210 \u2013 8809 \/<\/p><p>210 \u2013 8133<\/p><\/td><td><p>jesus_duron_men@yahoo.com.mx<\/p><\/td><\/tr><tr><td><p>ELECTROURQUIZA<\/p><\/td><td><p>AGUASCALIENTES, AGS.<\/p><\/td><td><p>ING. JOS\u00c9 SALVADOR URQUIZA B<\/p><\/td><td><p>(449) 978 \u2013 3646 \/ 3731\t<\/p><\/td><td><p>salvador_u_b@electrourquiza.com<\/p><\/td><\/tr><tr><td><p>EGA INDUSTRIAL EL\u00c9CTRICO<\/p><\/td><td><p>LE\u00d3N, GTO.<\/p><\/td><td><p>ING. EDSON RAYGOZA RAM\u00cdREZ<\/p><\/td><td><p>(477) 688 \u2013 7617, (477) 688 \u2013 7625 al 28, (477) 637 \u2013 8695<\/p><\/td><td><p>eraygoza@egaindustrial.com<\/p><\/td><\/tr><tr><td><p>EGA INDUSTRIAL EL\u00c9CTRICO<\/p><\/td><td><p>MAZATLAN, SINALOA<\/p><\/td><td><p>ING. MAURICIO FARIAS C.<\/p><\/td><td><p>(669) 981 \u2013 1537, (669) 982 \u2013 5079, (669) 982 \u2013 7658,<\/p><p>(669) 982 \u2013 2836, (669) 982 \u2013 4253<\/p><\/td><td><p>mfarias@egaindustrial.com<\/p><\/td><\/tr><tr><td><p>CIRMEX<\/p><\/td><td><p>CDMX<\/p><\/td><td><p>ING. JOS\u00c9 FERNANDO GALLO RANGEL<\/p><\/td><td><p>(55) 5243 \u2013 1063\t<\/p><\/td><td><p>fgallo@cir-mex.com<\/p><\/td><\/tr><\/tbody><\/table>\n            <\/div><\/div>\t\t\t\t<\/div>\n\t\t\t\t<\/div>\n\t\t\t\t\t<\/div>\n\t\t\t\t<\/div>\n\t\t\t\t<\/div>\n\t\t","protected":false},"excerpt":{"rendered":"<p>Raz\u00f3n Social Localidad Contacto Tel\u00e9fonos E-Mail URES INGENIER\u00cdA HERMOSILLO, SONORA ING. LEONARDO LLANO SOTELO (662) 212 \u2013 3222 leonardo@uresing.com.mx T\u00c9CNICA EL\u00c9CTRICA DEL PARRAL TORRE\u00d3N, COAHUILA ING. GUILLERMO L\u00d3PEZ REYES (871) 792 \u2013 2322, (871) 731 \u2013 8941, (871) 792 \u2013 2563 guillermo.lopez@gtepsa.com SISTEMAS EL\u00c9CTRICOS DE POTENCIA MONTERREY, NUEVO LE\u00d3N ING. FELIPE GUTI\u00c9RREZ (81) 8126 \u2013 [&hellip;]<\/p>\n","protected":false},"author":1,"featured_media":0,"parent":0,"menu_order":0,"comment_status":"closed","ping_status":"closed","template":"elementor_header_footer","meta":{"_acf_changed":false,"_yoast_wpseo_title":"","_yoast_wpseo_metadesc":"","footnotes":""},"class_list":["post-1701","page","type-page","status-publish","hentry"],"acf":[],"yoast_head":"<!-- This site is optimized with the Yoast SEO Premium plugin v27.2 (Yoast SEO v27.3) - https:\/\/yoast.com\/product\/yoast-seo-premium-wordpress\/ -->\n<title>Distribuidores Autorizados &#8211; Tecnica Salgar<\/title>\n<meta name=\"robots\" content=\"noindex, follow, max-snippet:-1, max-image-preview:large, max-video-preview:-1\" \/>\n<meta property=\"og:locale\" content=\"es_MX\" \/>\n<meta property=\"og:type\" content=\"article\" \/>\n<meta property=\"og:title\" content=\"Distribuidores Autorizados\" \/>\n<meta property=\"og:description\" content=\"Raz\u00f3n Social Localidad Contacto Tel\u00e9fonos E-Mail URES INGENIER\u00cdA HERMOSILLO, SONORA ING. LEONARDO LLANO SOTELO (662) 212 \u2013 3222 leonardo@uresing.com.mx T\u00c9CNICA EL\u00c9CTRICA DEL PARRAL TORRE\u00d3N, COAHUILA ING. GUILLERMO L\u00d3PEZ REYES (871) 792 \u2013 2322, (871) 731 \u2013 8941, (871) 792 \u2013 2563 guillermo.lopez@gtepsa.com SISTEMAS EL\u00c9CTRICOS DE POTENCIA MONTERREY, NUEVO LE\u00d3N ING. FELIPE GUTI\u00c9RREZ (81) 8126 \u2013 [&hellip;]\" \/>\n<meta property=\"og:url\" content=\"https:\/\/salgar.com\/desarrollo\/distribuidores-autorizados\/\" \/>\n<meta property=\"og:site_name\" content=\"Salgar\" \/>\n<meta property=\"article:publisher\" content=\"https:\/\/www.facebook.com\/tecnicasalgarmx\/?locale=es_LA\" \/>\n<meta property=\"article:modified_time\" content=\"2025-03-14T17:02:36+00:00\" \/>\n<meta property=\"og:image\" content=\"https:\/\/salgar.com\/desarrollo\/wp-content\/uploads\/2025\/05\/Captura.png\" \/>\n\t<meta property=\"og:image:width\" content=\"1203\" \/>\n\t<meta property=\"og:image:height\" content=\"622\" \/>\n\t<meta property=\"og:image:type\" content=\"image\/png\" \/>\n<meta name=\"twitter:card\" content=\"summary_large_image\" \/>\n<meta name=\"twitter:label1\" content=\"Tiempo de lectura\" \/>\n\t<meta name=\"twitter:data1\" content=\"1 minuto\" \/>\n<script type=\"application\/ld+json\" class=\"yoast-schema-graph\">{\"@context\":\"https:\\\/\\\/schema.org\",\"@graph\":[{\"@type\":\"WebPage\",\"@id\":\"https:\\\/\\\/salgar.com\\\/desarrollo\\\/distribuidores-autorizados\\\/\",\"url\":\"https:\\\/\\\/salgar.com\\\/desarrollo\\\/distribuidores-autorizados\\\/\",\"name\":\"Distribuidores Autorizados &#8211; Tecnica Salgar\",\"isPartOf\":{\"@id\":\"https:\\\/\\\/salgar.com\\\/desarrollo\\\/#website\"},\"datePublished\":\"2024-12-26T15:52:43+00:00\",\"dateModified\":\"2025-03-14T17:02:36+00:00\",\"breadcrumb\":{\"@id\":\"https:\\\/\\\/salgar.com\\\/desarrollo\\\/distribuidores-autorizados\\\/#breadcrumb\"},\"inLanguage\":\"es\",\"potentialAction\":[{\"@type\":\"ReadAction\",\"target\":[\"https:\\\/\\\/salgar.com\\\/desarrollo\\\/distribuidores-autorizados\\\/\"]}]},{\"@type\":\"BreadcrumbList\",\"@id\":\"https:\\\/\\\/salgar.com\\\/desarrollo\\\/distribuidores-autorizados\\\/#breadcrumb\",\"itemListElement\":[{\"@type\":\"ListItem\",\"position\":1,\"name\":\"Inicio\",\"item\":\"https:\\\/\\\/salgar.com\\\/desarrollo\\\/\"},{\"@type\":\"ListItem\",\"position\":2,\"name\":\"Distribuidores Autorizados\"}]},{\"@type\":\"WebSite\",\"@id\":\"https:\\\/\\\/salgar.com\\\/desarrollo\\\/#website\",\"url\":\"https:\\\/\\\/salgar.com\\\/desarrollo\\\/\",\"name\":\"Tecnica Salgar\",\"description\":\"Ahorro de energ\u00eda y optimizaci\u00f3n de procesos industriales\",\"publisher\":{\"@id\":\"https:\\\/\\\/salgar.com\\\/desarrollo\\\/#organization\"},\"alternateName\":\"T\u00e9cnica Salgar\",\"potentialAction\":[{\"@type\":\"SearchAction\",\"target\":{\"@type\":\"EntryPoint\",\"urlTemplate\":\"https:\\\/\\\/salgar.com\\\/desarrollo\\\/?s={search_term_string}\"},\"query-input\":{\"@type\":\"PropertyValueSpecification\",\"valueRequired\":true,\"valueName\":\"search_term_string\"}}],\"inLanguage\":\"es\"}]}<\/script>\n<!-- \/ Yoast SEO Premium plugin. -->","yoast_head_json":{"title":"Distribuidores Autorizados &#8211; Tecnica Salgar","robots":{"index":"noindex","follow":"follow","max-snippet":"max-snippet:-1","max-image-preview":"max-image-preview:large","max-video-preview":"max-video-preview:-1"},"og_locale":"es_MX","og_type":"article","og_title":"Distribuidores Autorizados","og_description":"Raz\u00f3n Social Localidad Contacto Tel\u00e9fonos E-Mail URES INGENIER\u00cdA HERMOSILLO, SONORA ING. LEONARDO LLANO SOTELO (662) 212 \u2013 3222 leonardo@uresing.com.mx T\u00c9CNICA EL\u00c9CTRICA DEL PARRAL TORRE\u00d3N, COAHUILA ING. GUILLERMO L\u00d3PEZ REYES (871) 792 \u2013 2322, (871) 731 \u2013 8941, (871) 792 \u2013 2563 guillermo.lopez@gtepsa.com SISTEMAS EL\u00c9CTRICOS DE POTENCIA MONTERREY, NUEVO LE\u00d3N ING. FELIPE GUTI\u00c9RREZ (81) 8126 \u2013 [&hellip;]","og_url":"https:\/\/salgar.com\/desarrollo\/distribuidores-autorizados\/","og_site_name":"Salgar","article_publisher":"https:\/\/www.facebook.com\/tecnicasalgarmx\/?locale=es_LA","article_modified_time":"2025-03-14T17:02:36+00:00","og_image":[{"width":1203,"height":622,"url":"https:\/\/salgar.com\/desarrollo\/wp-content\/uploads\/2025\/05\/Captura.png","type":"image\/png"}],"twitter_card":"summary_large_image","twitter_misc":{"Tiempo de lectura":"1 minuto"},"schema":{"@context":"https:\/\/schema.org","@graph":[{"@type":"WebPage","@id":"https:\/\/salgar.com\/desarrollo\/distribuidores-autorizados\/","url":"https:\/\/salgar.com\/desarrollo\/distribuidores-autorizados\/","name":"Distribuidores Autorizados &#8211; Tecnica Salgar","isPartOf":{"@id":"https:\/\/salgar.com\/desarrollo\/#website"},"datePublished":"2024-12-26T15:52:43+00:00","dateModified":"2025-03-14T17:02:36+00:00","breadcrumb":{"@id":"https:\/\/salgar.com\/desarrollo\/distribuidores-autorizados\/#breadcrumb"},"inLanguage":"es","potentialAction":[{"@type":"ReadAction","target":["https:\/\/salgar.com\/desarrollo\/distribuidores-autorizados\/"]}]},{"@type":"BreadcrumbList","@id":"https:\/\/salgar.com\/desarrollo\/distribuidores-autorizados\/#breadcrumb","itemListElement":[{"@type":"ListItem","position":1,"name":"Inicio","item":"https:\/\/salgar.com\/desarrollo\/"},{"@type":"ListItem","position":2,"name":"Distribuidores Autorizados"}]},{"@type":"WebSite","@id":"https:\/\/salgar.com\/desarrollo\/#website","url":"https:\/\/salgar.com\/desarrollo\/","name":"Tecnica Salgar","description":"Ahorro de energ\u00eda y optimizaci\u00f3n de procesos industriales","publisher":{"@id":"https:\/\/salgar.com\/desarrollo\/#organization"},"alternateName":"T\u00e9cnica Salgar","potentialAction":[{"@type":"SearchAction","target":{"@type":"EntryPoint","urlTemplate":"https:\/\/salgar.com\/desarrollo\/?s={search_term_string}"},"query-input":{"@type":"PropertyValueSpecification","valueRequired":true,"valueName":"search_term_string"}}],"inLanguage":"es"}]}},"_links":{"self":[{"href":"https:\/\/salgar.com\/desarrollo\/wp-json\/wp\/v2\/pages\/1701","targetHints":{"allow":["GET"]}}],"collection":[{"href":"https:\/\/salgar.com\/desarrollo\/wp-json\/wp\/v2\/pages"}],"about":[{"href":"https:\/\/salgar.com\/desarrollo\/wp-json\/wp\/v2\/types\/page"}],"author":[{"embeddable":true,"href":"https:\/\/salgar.com\/desarrollo\/wp-json\/wp\/v2\/users\/1"}],"replies":[{"embeddable":true,"href":"https:\/\/salgar.com\/desarrollo\/wp-json\/wp\/v2\/comments?post=1701"}],"version-history":[{"count":8,"href":"https:\/\/salgar.com\/desarrollo\/wp-json\/wp\/v2\/pages\/1701\/revisions"}],"predecessor-version":[{"id":2432,"href":"https:\/\/salgar.com\/desarrollo\/wp-json\/wp\/v2\/pages\/1701\/revisions\/2432"}],"wp:attachment":[{"href":"https:\/\/salgar.com\/desarrollo\/wp-json\/wp\/v2\/media?parent=1701"}],"curies":[{"name":"wp","href":"https:\/\/api.w.org\/{rel}","templated":true}]}}